{"id":271,"date":"2025-05-13T12:25:59","date_gmt":"2025-05-13T10:25:59","guid":{"rendered":"https:\/\/mirko2026.de\/?page_id=271"},"modified":"2026-03-31T15:53:03","modified_gmt":"2026-03-31T13:53:03","slug":"mirko-2026-leizpig","status":"publish","type":"page","link":"https:\/\/mirko2026.de\/","title":{"rendered":"MiRKo 2026 in Leizpig"},"content":{"rendered":"\n\n\t<h1><strong>12. &#8211; 14.06.2026<\/strong><br \/>\n<strong>MiRKo Leipzig<\/strong> 2026<\/h1>\n\t\t\t<a href=\"https:\/\/event-online.org\/mirko2026\/?action=shop_order&#038;kategorie=\"  target=\"_blank\" rel=\"noopener\"    rel=\"noopener\">\n\t\t\t\t\t\t\tJetzt Tickets sichern!\n\t\t\t\t\t<\/a>\n\t\t<iframe loading=\"lazy\" title=\"Trailer: Mitteldeutsche Regionalkonferenz - MiRKo 2026 Leipzig\" width=\"500\" height=\"281\" src=\"https:\/\/www.youtube.com\/embed\/VBHld7V8Hsc?feature=oembed\" frameborder=\"0\" allow=\"accelerometer; autoplay; clipboard-write; encrypted-media; gyroscope; picture-in-picture; web-share\" referrerpolicy=\"strict-origin-when-cross-origin\" allowfullscreen><\/iframe>\t\n<figure itemscope itemtype=\"https:\/\/schema.org\/ImageObject\">\n\t\t\t\t<img decoding=\"async\" src=\"https:\/\/mirko2026.de\/wp-content\/uploads\/2025\/05\/Seil-scaled.png\" alt=\"Seil\" height=\"101\" width=\"2560\" title=\"Seil\" onerror=\"this.style.display='none'\" loading=\"lazy\" \/>\n\t<\/figure>\n<h2>\n\t\t\t350 Teilnehmende\t<\/h2>\n\t<p>Unternehmer<em>innen<\/em>, F\u00fchrungskr\u00e4fte, Start-up-Gr\u00fcnder<em>innen<\/em> und Young Professionals, die Wirtschaft aktiv gestalten.<!-- notionvc: df12a30f-806b-4817-84a4-2481b7c6f862 --><\/p>\n<h2>\n\t\t\t3 Tage volles Programm\u00a0\t<\/h2>\n\t<ul>\n<li>Keynotes &amp; Workshops mit Top-Speakern<\/li>\n<li>Leipzig in all seinen Facetten erleben<\/li>\n<li>Blick \u00fcber den Tellerrand bei inspirierenden Unternehmensbesichtigungen<\/li>\n<\/ul>\n<p><!-- notionvc: 59746eb9-1028-404d-ae6d-efd1371582ac --><\/p>\n<h2>\n\t\t\tAbendveranstaltungen\t<\/h2>\n\t<p>Erlebe das Leipziger Nachteben in der ungezwungenen Atmosph\u00e4re der Wirtschaftsjunioren-Family<\/p>\n\t\t\t\tTag\n\t\t\t\tStunde\n\t\t\t\tMinute\n\t\t\t\tSekunde\n<h2>\n\t\t\tWas ist die MiRKo?\t<\/h2>\n\t<p>Die Mitteldeutsche Regionalkonferenz (MiRKo) ist das j\u00e4hrliche Highlight f\u00fcr Wirtschaftsjunioren aus Brandenburg, Berlin, Sachsen, Sachsen-Anhalt und Th\u00fcringen. Unter dem Motto <strong>\u201eLeipzig verbindet&#8220;<\/strong> kommen 2026 rund 350 junge Unternehmer<em>innen, <\/em>F\u00fchrungskr\u00e4fte und Entscheider<em>innen<\/em> zusammen &#8211; zum Netzwerken, Weiterbilden und Erleben.<\/p>\n<p>Warum Leipzig 2026? Weil hier Innovation, Unternehmertum und Kultur in einzigartiger Weise verschmelzen! Denn: LEIPZIG VERBINDET!<!-- notionvc: 361170ad-c888-4456-9a9d-7dc1c8895437 --><\/p>\n<p>Die Konferenz wird ehrenamtlich von Mitgliedern der Wirtschaftsjunioren Leipzig organisiert.<\/p>\n\t\t\t<a href=\"https:\/\/event-online.org\/mirko2026\/?action=shop_order&#038;kategorie=\"  target=\"_blank\" rel=\"noopener\"    rel=\"noopener\">\n\t\t\t\t\t\t\tSei Dabei!\n\t\t\t\t\t<\/a>\n<figure data-animation-delay=\"0.0\" data-animation-duration=\"1\" itemscope itemtype=\"https:\/\/schema.org\/ImageObject\">\n\t\t\t\t<img decoding=\"async\" src=\"https:\/\/mirko2026.de\/wp-content\/uploads\/2025\/05\/Screenshot-2025-05-13-132546.png\" alt=\"Screenshot 2025-05-13 132546\" height=\"1120\" width=\"1666\" title=\"Screenshot 2025-05-13 132546\" onerror=\"this.style.display='none'\" loading=\"lazy\" \/>\n\t<\/figure>\n<h1>\n\t\t\tSichere Dir Dein Ticket JETZT!\t<\/h1>\n<h2>\n\t\t\tErlebe mit 350 Wirtschaftsjunioren aus Mitteldeutschland die MiRKo 2026 in Leipzig!\t<\/h2>\n\t\t\t\t\t<h2>Einzelticket<\/h2> 270,00 \u20ac <ul role=\"list\"><li role=\"listitem\"> Zugang zu allen Programmpunkten<\/li><li role=\"listitem\"> Verpflegung am Samstag und Farewell Brunch<\/li><li role=\"listitem\"> Teilnahme an Gala-Abend &#038; Welcome Abend<\/li><\/ul>\n\t\t\t<a href=\"https:\/\/event-online.org\/mirko2026\/?action=shop_order&#038;kategorie=\"  target=\"_blank\" rel=\"noopener\"    rel=\"noopener\">\n\t\t\t\t\t\tJetzt buchen\n\t\t\t\t\t<\/a>\n\t\t\t\t\t<h2>5er Kontingent<\/h2> 265,00\u20ac pro Ticket <ul role=\"list\"><li role=\"listitem\"> 5 Tickets<\/li><li role=\"listitem\"> Zugang zu allen Programmpunkten<\/li><li role=\"listitem\"> Verpflegung am Samstag und Farewell Brunch<\/li><li role=\"listitem\"> Teilnahme an Gala-Abend &#038; Welcome Abend<\/li><\/ul>\n\t\t\t<a href=\"https:\/\/event-online.org\/mirko2026\/?action=shop_order&#038;kategorie=\"  target=\"_blank\" rel=\"noopener\"    rel=\"noopener\">\n\t\t\t\t\t\tJetzt buchen\n\t\t\t\t\t<\/a>\n\t\t\t\t\t<h2>10er Kontingent<\/h2> 260,00\u20ac pro Ticket <ul role=\"list\"><li role=\"listitem\"> 10 Tickets<\/li><li role=\"listitem\"> Zugang zu allen Programmpunkten<\/li><li role=\"listitem\"> Verpflegung am Samstag und Farewell Brunch<\/li><li role=\"listitem\"> Teilnahme an Gala-Abend &#038; Welcome Abend<\/li><\/ul>\n\t\t\t<a href=\"https:\/\/event-online.org\/mirko2026\/?action=shop_order&#038;kategorie=\"  target=\"_blank\" rel=\"noopener\"    rel=\"noopener\">\n\t\t\t\t\t\tJetzt buchen\n\t\t\t\t\t<\/a>\n\t<h2>gef\u00f6rdert durch<\/h2>\n\n<figure itemscope itemtype=\"https:\/\/schema.org\/ImageObject\">\n\t\t\t\t<img decoding=\"async\" src=\"https:\/\/mirko2026.de\/wp-content\/uploads\/2025\/05\/Logo_IHK_Leipzig.jpg\" alt=\"Logo IHK\" height=\"183\" width=\"825\" title=\"Logo IHK\" onerror=\"this.style.display='none'\" loading=\"lazy\" \/>\n\t<\/figure>\n\t<h2>Partner<\/h2>\n\n<figure itemscope itemtype=\"https:\/\/schema.org\/ImageObject\">\n\t\t\t\t<a href=\"https:\/\/diesteuerkanzlei.com\/\"  target=\"_blank\" rel=\"noopener\"  itemprop=\"url\">\n\t\t\t\t<img decoding=\"async\" src=\"https:\/\/mirko2026.de\/wp-content\/uploads\/2026\/01\/Ado-Advisory.webp\" alt=\"Ado Advisory\" height=\"379\" width=\"474\" title=\"Ado Advisory\" onerror=\"this.style.display='none'\" loading=\"lazy\" \/>\n\t\t\t\t<\/a>\n\t<\/figure>\n<h2>\n\t\t\tHauptsponsor\t<\/h2>\n<figure itemscope itemtype=\"https:\/\/schema.org\/ImageObject\">\n\t\t\t\t<a href=\"https:\/\/lichtenauer.de\/\"  target=\"_blank\" rel=\"noopener\"  itemprop=\"url\">\n\t\t\t\t<img decoding=\"async\" src=\"https:\/\/mirko2026.de\/wp-content\/uploads\/2026\/01\/Logo_4C_ohne_Schein.jpg\" alt=\"Lichtenauer\" height=\"434\" width=\"858\" title=\"Lichtenauer\" onerror=\"this.style.display='none'\" loading=\"lazy\" \/>\n\t\t\t\t<\/a>\n\t<\/figure>\n<h2>\n\t\t\tSponsor\t<\/h2>\n<figure itemscope itemtype=\"https:\/\/schema.org\/ImageObject\">\n\t\t\t\t<a href=\"https:\/\/www.rotkaeppchen.de\/\"  target=\"_blank\" rel=\"noopener\"  itemprop=\"url\">\n\t\t\t\t<img decoding=\"async\" src=\"https:\/\/mirko2026.de\/wp-content\/uploads\/2026\/01\/Logog-Rotkaeppchen.avif\" alt=\"\" onerror=\"this.style.display='none'\" loading=\"lazy\" \/>\n\t\t\t\t<\/a>\n\t<\/figure>\n<h2>\n\t\t\tUnterst\u00fctzer\t<\/h2>\n<figure itemscope itemtype=\"https:\/\/schema.org\/ImageObject\">\n\t\t\t\t<a href=\"https:\/\/flyerkomet.de\/\"  target=\"_self\" itemprop=\"url\">\n\t\t\t\t<img decoding=\"async\" src=\"https:\/\/mirko2026.de\/wp-content\/uploads\/2026\/01\/logo-flyerkomet_rgb.png\" alt=\"Logo Flyerkomet\" height=\"500\" width=\"1108\" title=\"Logo Flyerkomet\" onerror=\"this.style.display='none'\" loading=\"lazy\" \/>\n\t\t\t\t<\/a>\n\t<\/figure>\n<figure itemscope itemtype=\"https:\/\/schema.org\/ImageObject\">\n\t\t\t\t<a href=\"https:\/\/hr-leichtigkeit.de\/\"  target=\"_blank\" rel=\"noopener\"  itemprop=\"url\">\n\t\t\t\t<img decoding=\"async\" src=\"https:\/\/mirko2026.de\/wp-content\/uploads\/2026\/01\/Logo_HR-Leichtigkeit.png\" alt=\"Logo_HR-Leichtigkeit\" height=\"248\" width=\"1200\" title=\"Logo_HR-Leichtigkeit\" onerror=\"this.style.display='none'\" loading=\"lazy\" \/>\n\t\t\t\t<\/a>\n\t<\/figure>\n<figure itemscope itemtype=\"https:\/\/schema.org\/ImageObject\">\n\t\t\t\t<a href=\"http:\/\/www.finzelundschuck.de\/\"  target=\"_blank\" rel=\"noopener\"  itemprop=\"url\">\n\t\t\t\t<img decoding=\"async\" src=\"https:\/\/mirko2026.de\/wp-content\/uploads\/2026\/01\/Logo-FundS.png\" alt=\"Logo Finzel und schuck\" height=\"422\" width=\"949\" title=\"Logo Finzel und schuck\" onerror=\"this.style.display='none'\" loading=\"lazy\" \/>\n\t\t\t\t<\/a>\n\t<\/figure>\n<figure itemscope itemtype=\"https:\/\/schema.org\/ImageObject\">\n\t\t\t\t<a href=\"https:\/\/kopf.gmbh\/\"  target=\"_blank\" rel=\"noopener\"  itemprop=\"url\">\n\t\t\t\t<img decoding=\"async\" src=\"https:\/\/mirko2026.de\/wp-content\/uploads\/2026\/02\/KOPF_green_ClimateSolutions.png\" alt=\"KOPF_green_ClimateSolutions\" height=\"1418\" width=\"2363\" title=\"KOPF_green_ClimateSolutions\" onerror=\"this.style.display='none'\" loading=\"lazy\" \/>\n\t\t\t\t<\/a>\n\t<\/figure>\n<figure itemscope itemtype=\"https:\/\/schema.org\/ImageObject\">\n\t\t\t\t<a href=\"https:\/\/www.wurzener.de\/\"  target=\"_blank\" rel=\"noopener\"  itemprop=\"url\">\n\t\t\t\t<img decoding=\"async\" src=\"https:\/\/mirko2026.de\/wp-content\/uploads\/2026\/01\/Wurzener-2D-Logo-mit-Jahr-rotes-R-Kopie-scaled.jpg\" alt=\"Wurzener 2D Logo\" height=\"1079\" width=\"2560\" title=\"Wurzener 2D Logo\" onerror=\"this.style.display='none'\" loading=\"lazy\" \/>\n\t\t\t\t<\/a>\n\t<\/figure>\n<figure itemscope itemtype=\"https:\/\/schema.org\/ImageObject\">\n\t\t\t\t<a href=\"https:\/\/www.janik-leipzig.de\/\"  target=\"_blank\" rel=\"noopener\"  itemprop=\"url\">\n\t\t\t\t<img decoding=\"async\" src=\"https:\/\/mirko2026.de\/wp-content\/uploads\/2026\/02\/Logo-Janik-Ergonomische-Buerowelten.jpg\" alt=\"Druck\" height=\"224\" width=\"320\" title=\"Druck\" onerror=\"this.style.display='none'\" loading=\"lazy\" \/>\n\t\t\t\t<\/a>\n\t<\/figure>\n<figure itemscope itemtype=\"https:\/\/schema.org\/ImageObject\">\n\t\t\t\t<a href=\"https:\/\/www.sab.sachsen.de\/\"  target=\"_self\" itemprop=\"url\">\n\t\t\t\t<img decoding=\"async\" src=\"https:\/\/mirko2026.de\/wp-content\/uploads\/2026\/01\/Logo-SAB.png\" alt=\"Logo SAB\" height=\"1544\" width=\"2000\" title=\"Logo SAB\" onerror=\"this.style.display='none'\" loading=\"lazy\" \/>\n\t\t\t\t<\/a>\n\t<\/figure>\n<h2>\n\t\t\tBesonderer Dank\t<\/h2>\n<figure itemscope itemtype=\"https:\/\/schema.org\/ImageObject\">\n\t\t\t\t<a href=\"https:\/\/wjbb.de\/\"  target=\"_blank\" rel=\"noopener\"  itemprop=\"url\">\n\t\t\t\t<img decoding=\"async\" src=\"https:\/\/mirko2026.de\/wp-content\/uploads\/2025\/10\/WJ_Logo_Berlin-Brandenburg.png\" alt=\"WJ_Logo_Berlin-Brandenburg\" height=\"673\" width=\"2431\" title=\"WJ_Logo_Berlin-Brandenburg\" onerror=\"this.style.display='none'\" loading=\"lazy\" \/>\n\t\t\t\t<\/a>\n\t<\/figure>\n<figure itemscope itemtype=\"https:\/\/schema.org\/ImageObject\">\n\t\t\t\t<a href=\"https:\/\/wj-sachsen.de\/\"  target=\"_blank\" rel=\"noopener\"  itemprop=\"url\">\n\t\t\t\t<img decoding=\"async\" src=\"https:\/\/mirko2026.de\/wp-content\/uploads\/2025\/10\/WJ_Logo_Sachsen_neu.png\" alt=\"WJ_Logo_Sachsen_neu\" height=\"673\" width=\"2431\" title=\"WJ_Logo_Sachsen_neu\" onerror=\"this.style.display='none'\" loading=\"lazy\" \/>\n\t\t\t\t<\/a>\n\t<\/figure>\n<figure itemscope itemtype=\"https:\/\/schema.org\/ImageObject\">\n\t\t\t\t<a href=\"https:\/\/verbandonline.org\/WJ_SachsenAnhalt\/\"  target=\"_blank\" rel=\"noopener\"  itemprop=\"url\">\n\t\t\t\t<img decoding=\"async\" src=\"https:\/\/mirko2026.de\/wp-content\/uploads\/2025\/10\/WJ_Logo_Sachsen-Anhalt.png\" alt=\"WJ_Logo_Sachsen-Anhalt\" height=\"673\" width=\"2431\" title=\"WJ_Logo_Sachsen-Anhalt\" onerror=\"this.style.display='none'\" loading=\"lazy\" \/>\n\t\t\t\t<\/a>\n\t<\/figure>\n<figure itemscope itemtype=\"https:\/\/schema.org\/ImageObject\">\n\t\t\t\t<a href=\"https:\/\/wj-thueringen.de\/\"  target=\"_blank\" rel=\"noopener\"  itemprop=\"url\">\n\t\t\t\t<img decoding=\"async\" src=\"https:\/\/mirko2026.de\/wp-content\/uploads\/2025\/10\/WJ_Logo_Thueringen.png\" alt=\"WJ_Logo_Thueringen\" height=\"673\" width=\"2431\" title=\"WJ_Logo_Thueringen\" onerror=\"this.style.display='none'\" loading=\"lazy\" \/>\n\t\t\t\t<\/a>\n\t<\/figure>\n<figure itemscope itemtype=\"https:\/\/schema.org\/ImageObject\">\n\t\t\t\t<a href=\"https:\/\/leadility.de\/\"  target=\"_blank\" rel=\"noopener\"  itemprop=\"url\">\n\t\t\t\t<img decoding=\"async\" src=\"https:\/\/mirko2026.de\/wp-content\/uploads\/2026\/01\/50256_Leadility_HA_SG-01-scaled.png\" alt=\"50256_Leadility_HA_SG-01\" height=\"667\" width=\"2560\" title=\"50256_Leadility_HA_SG-01\" onerror=\"this.style.display='none'\" loading=\"lazy\" \/>\n\t\t\t\t<\/a>\n\t<\/figure>\n<figure itemscope itemtype=\"https:\/\/schema.org\/ImageObject\">\n\t\t\t\t<a href=\"https:\/\/www.stephanie-pudenz.de\/\"  target=\"_blank\" rel=\"noopener\"  itemprop=\"url\">\n\t\t\t\t<img decoding=\"async\" src=\"https:\/\/mirko2026.de\/wp-content\/uploads\/2026\/01\/sp-logo-web.png\" alt=\"sp-logo-web\" height=\"583\" width=\"1051\" title=\"sp-logo-web\" onerror=\"this.style.display='none'\" loading=\"lazy\" \/>\n\t\t\t\t<\/a>\n\t<\/figure>\n<figure itemscope itemtype=\"https:\/\/schema.org\/ImageObject\">\n\t\t\t\t<a href=\"http:\/\/www.l.de\/wir-fuer-leipzig\/engagement\"  target=\"_blank\" rel=\"noopener\"  itemprop=\"url\">\n\t\t\t\t<img decoding=\"async\" src=\"https:\/\/mirko2026.de\/wp-content\/uploads\/2026\/01\/Logo-Stadtwerke-Leipzig.png\" alt=\"Logo Stadtwerke Leipzig\" height=\"899\" width=\"2006\" title=\"Logo Stadtwerke Leipzig\" onerror=\"this.style.display='none'\" loading=\"lazy\" \/>\n\t\t\t\t<\/a>\n\t<\/figure>\n<figure itemscope itemtype=\"https:\/\/schema.org\/ImageObject\">\n\t\t\t\t<a href=\"https:\/\/networking-queen.de\/\"  target=\"_blank\" rel=\"noopener\"  itemprop=\"url\">\n\t\t\t\t<img decoding=\"async\" src=\"https:\/\/mirko2026.de\/wp-content\/uploads\/2026\/01\/Logo-NQ.PNG.png\" alt=\"Logo NQ.PNG\" height=\"923\" width=\"935\" title=\"Logo NQ.PNG\" onerror=\"this.style.display='none'\" loading=\"lazy\" \/>\n\t\t\t\t<\/a>\n\t<\/figure>\n<figure itemscope itemtype=\"https:\/\/schema.org\/ImageObject\">\n\t\t\t\t<a href=\"https:\/\/www.rhetorikus.de\/\"  target=\"_blank\" rel=\"noopener\"  itemprop=\"url\">\n\t\t\t\t<img decoding=\"async\" src=\"https:\/\/mirko2026.de\/wp-content\/uploads\/2026\/01\/Logo-Rhetorikus-web.png\" alt=\"Logo-Rhetorikus-web\" height=\"123\" width=\"320\" title=\"Logo-Rhetorikus-web\" onerror=\"this.style.display='none'\" loading=\"lazy\" \/>\n\t\t\t\t<\/a>\n\t<\/figure>\n<h2>\n\t\t\tSchirmherrschaft\t<\/h2>\n\t<p><strong>Dirk Panter<\/strong> &#8211; S\u00e4chsischer Staatsminister f\u00fcr Wirtschaft, Arbeit, Energie und Klimaschutz<\/p>\n<figure itemscope itemtype=\"https:\/\/schema.org\/ImageObject\">\n\t\t\t\t<img decoding=\"async\" src=\"https:\/\/mirko2026.de\/wp-content\/uploads\/2026\/01\/Dirk-Panther-und-Julia-Leppin-1152x1536.jpg\" alt=\"Dirk Panther und Julia Leppin\" height=\"1536\" width=\"1152\" title=\"Dirk Panther und Julia Leppin\" onerror=\"this.style.display='none'\" loading=\"lazy\" \/>\n\t\t<figcaption>Dirk Panther und Julia Leppin<\/figcaption>\n\t<\/figure>\n<figure itemscope itemtype=\"https:\/\/schema.org\/ImageObject\">\n\t\t\t\t<img decoding=\"async\" src=\"https:\/\/mirko2026.de\/wp-content\/uploads\/2025\/05\/Seil-scaled.png\" alt=\"Seil\" height=\"101\" width=\"2560\" title=\"Seil\" onerror=\"this.style.display='none'\" loading=\"lazy\" \/>\n\t<\/figure>\n<h1>\n\t\t\tKontaktiere uns\t<\/h1>\n\t<iframe src=\"https:\/\/www.google.com\/maps\/embed\/v1\/place?q=Goerdelerring+5%2C+04109+Leipzig&#038;key=AIzaSyD09zQ9PNDNNy9TadMuzRV_UsPUoWKntt8\" aria-hidden=\"true\"><\/iframe>\n<h3>\n\t\t\tKonferenz-Zentrale\t<\/h3>\n\t<p>Rund um die IHK in Leipzig wird das Programm stattfinden. Der Check-in erfolgt direkt im Zentrum in der IHK zu Leipzig.<\/p>\n\t<p><strong>MiRKo Leipzig GmbH i.Gr.<\/strong><\/p>\n<p><strong>c\/o Industrie- und Handelskammer zu Leipzig<\/strong><\/p>\n<p><strong>Goerdelerring 5<\/strong><\/p>\n<p><strong>04109 Leipzig<\/strong><\/p>\n<h3>\n\t\t\tKontaktiere uns\t<\/h3>\n\t<p>Du hast eine Frage? Schreib uns gern eine Mail an direktion@mirko2026.de. Wir antworten Dir in der Regel innerhalb von 48 Stunden.\u00a0<\/p>\n<h2>\n\t\t\tProgrammteaser\t<\/h2>\n\n","protected":false},"excerpt":{"rendered":"<p>12. &#8211; 14.06.2026 MiRKo Leipzig 2026 Jetzt Tickets sichern! 350 Teilnehmende Unternehmerinnen, F\u00fchrungskr\u00e4fte, Start-up-Gr\u00fcnderinnen und Young Professionals, die Wirtschaft aktiv gestalten. 3 Tage volles Programm\u00a0 Keynotes &amp; Workshops mit Top-Speakern Leipzig in all seinen Facetten erleben Blick \u00fcber den Tellerrand bei inspirierenden Unternehmensbesichtigungen Abendveranstaltungen Erlebe das Leipziger Nachteben in der ungezwungenen Atmosph\u00e4re der Wirtschaftsjunioren-Family Tag&hellip;<\/p>\n","protected":false},"author":2,"featured_media":0,"parent":0,"menu_order":0,"comment_status":"closed","ping_status":"closed","template":"","meta":{"footnotes":""},"class_list":["post-271","page","type-page","status-publish","hentry"],"yoast_head":"<!-- This site is optimized with the Yoast SEO plugin v27.2 - https:\/\/yoast.com\/product\/yoast-seo-wordpress\/ -->\n<title>MiRKo 2026 in Leizpig -<\/title>\n<meta name=\"description\" content=\"Vom 12.-14.06.2026 findet die Mitteldeutsche Regionalkonferenz der Wirtschaftsjunioren Leipzig (kurz: MiRKo 2026 Leipzig) statt.\" \/>\n<meta name=\"robots\" content=\"index, follow, max-snippet:-1, max-image-preview:large, max-video-preview:-1\" \/>\n<link rel=\"canonical\" href=\"https:\/\/mirko2026.de\/\" \/>\n<meta property=\"og:locale\" content=\"de_DE\" \/>\n<meta property=\"og:type\" content=\"article\" \/>\n<meta property=\"og:title\" content=\"MiRKo 2026 in Leizpig -\" \/>\n<meta property=\"og:description\" content=\"Vom 12.-14.06.2026 findet die Mitteldeutsche Regionalkonferenz der Wirtschaftsjunioren Leipzig (kurz: MiRKo 2026 Leipzig) statt.\" \/>\n<meta property=\"og:url\" content=\"https:\/\/mirko2026.de\/\" \/>\n<meta property=\"og:site_name\" content=\"Mirko 2026 Leipzig\" \/>\n<meta property=\"article:modified_time\" content=\"2026-03-31T13:53:03+00:00\" \/>\n<meta property=\"og:image\" content=\"https:\/\/mirko2026.de\/wp-content\/uploads\/2025\/05\/Seil-scaled.png\" \/>\n<meta name=\"twitter:card\" content=\"summary_large_image\" \/>\n<meta name=\"twitter:label1\" content=\"Gesch\u00e4tzte Lesezeit\" \/>\n\t<meta name=\"twitter:data1\" content=\"4\u00a0Minuten\" \/>\n<script type=\"application\/ld+json\" class=\"yoast-schema-graph\">{\"@context\":\"https:\/\/schema.org\",\"@graph\":[{\"@type\":\"WebPage\",\"@id\":\"https:\/\/mirko2026.de\/\",\"url\":\"https:\/\/mirko2026.de\/\",\"name\":\"MiRKo 2026 in Leizpig -\",\"isPartOf\":{\"@id\":\"https:\/\/mirko2026.de\/#website\"},\"primaryImageOfPage\":{\"@id\":\"https:\/\/mirko2026.de\/#primaryimage\"},\"image\":{\"@id\":\"https:\/\/mirko2026.de\/#primaryimage\"},\"thumbnailUrl\":\"https:\/\/mirko2026.de\/wp-content\/uploads\/2025\/05\/Seil-scaled.png\",\"datePublished\":\"2025-05-13T10:25:59+00:00\",\"dateModified\":\"2026-03-31T13:53:03+00:00\",\"description\":\"Vom 12.-14.06.2026 findet die Mitteldeutsche Regionalkonferenz der Wirtschaftsjunioren Leipzig (kurz: MiRKo 2026 Leipzig) statt.\",\"breadcrumb\":{\"@id\":\"https:\/\/mirko2026.de\/#breadcrumb\"},\"inLanguage\":\"de\",\"potentialAction\":[{\"@type\":\"ReadAction\",\"target\":[\"https:\/\/mirko2026.de\/\"]}]},{\"@type\":\"ImageObject\",\"inLanguage\":\"de\",\"@id\":\"https:\/\/mirko2026.de\/#primaryimage\",\"url\":\"https:\/\/mirko2026.de\/wp-content\/uploads\/2025\/05\/Seil-scaled.png\",\"contentUrl\":\"https:\/\/mirko2026.de\/wp-content\/uploads\/2025\/05\/Seil-scaled.png\",\"width\":2560,\"height\":101},{\"@type\":\"BreadcrumbList\",\"@id\":\"https:\/\/mirko2026.de\/#breadcrumb\",\"itemListElement\":[{\"@type\":\"ListItem\",\"position\":1,\"name\":\"Startseite\",\"item\":\"https:\/\/mirko2026.de\/\"},{\"@type\":\"ListItem\",\"position\":2,\"name\":\"MiRKo 2026 in Leizpig\"}]},{\"@type\":\"WebSite\",\"@id\":\"https:\/\/mirko2026.de\/#website\",\"url\":\"https:\/\/mirko2026.de\/\",\"name\":\"Mirko 2026 Leipzig\",\"description\":\"Leipzig verbindet.\",\"potentialAction\":[{\"@type\":\"SearchAction\",\"target\":{\"@type\":\"EntryPoint\",\"urlTemplate\":\"https:\/\/mirko2026.de\/?s={search_term_string}\"},\"query-input\":{\"@type\":\"PropertyValueSpecification\",\"valueRequired\":true,\"valueName\":\"search_term_string\"}}],\"inLanguage\":\"de\"}]}<\/script>\n<!-- \/ Yoast SEO plugin. -->","yoast_head_json":{"title":"MiRKo 2026 in Leizpig -","description":"Vom 12.-14.06.2026 findet die Mitteldeutsche Regionalkonferenz der Wirtschaftsjunioren Leipzig (kurz: MiRKo 2026 Leipzig) statt.","robots":{"index":"index","follow":"follow","max-snippet":"max-snippet:-1","max-image-preview":"max-image-preview:large","max-video-preview":"max-video-preview:-1"},"canonical":"https:\/\/mirko2026.de\/","og_locale":"de_DE","og_type":"article","og_title":"MiRKo 2026 in Leizpig -","og_description":"Vom 12.-14.06.2026 findet die Mitteldeutsche Regionalkonferenz der Wirtschaftsjunioren Leipzig (kurz: MiRKo 2026 Leipzig) statt.","og_url":"https:\/\/mirko2026.de\/","og_site_name":"Mirko 2026 Leipzig","article_modified_time":"2026-03-31T13:53:03+00:00","og_image":[{"url":"https:\/\/mirko2026.de\/wp-content\/uploads\/2025\/05\/Seil-scaled.png","type":"","width":"","height":""}],"twitter_card":"summary_large_image","twitter_misc":{"Gesch\u00e4tzte Lesezeit":"4\u00a0Minuten"},"schema":{"@context":"https:\/\/schema.org","@graph":[{"@type":"WebPage","@id":"https:\/\/mirko2026.de\/","url":"https:\/\/mirko2026.de\/","name":"MiRKo 2026 in Leizpig -","isPartOf":{"@id":"https:\/\/mirko2026.de\/#website"},"primaryImageOfPage":{"@id":"https:\/\/mirko2026.de\/#primaryimage"},"image":{"@id":"https:\/\/mirko2026.de\/#primaryimage"},"thumbnailUrl":"https:\/\/mirko2026.de\/wp-content\/uploads\/2025\/05\/Seil-scaled.png","datePublished":"2025-05-13T10:25:59+00:00","dateModified":"2026-03-31T13:53:03+00:00","description":"Vom 12.-14.06.2026 findet die Mitteldeutsche Regionalkonferenz der Wirtschaftsjunioren Leipzig (kurz: MiRKo 2026 Leipzig) statt.","breadcrumb":{"@id":"https:\/\/mirko2026.de\/#breadcrumb"},"inLanguage":"de","potentialAction":[{"@type":"ReadAction","target":["https:\/\/mirko2026.de\/"]}]},{"@type":"ImageObject","inLanguage":"de","@id":"https:\/\/mirko2026.de\/#primaryimage","url":"https:\/\/mirko2026.de\/wp-content\/uploads\/2025\/05\/Seil-scaled.png","contentUrl":"https:\/\/mirko2026.de\/wp-content\/uploads\/2025\/05\/Seil-scaled.png","width":2560,"height":101},{"@type":"BreadcrumbList","@id":"https:\/\/mirko2026.de\/#breadcrumb","itemListElement":[{"@type":"ListItem","position":1,"name":"Startseite","item":"https:\/\/mirko2026.de\/"},{"@type":"ListItem","position":2,"name":"MiRKo 2026 in Leizpig"}]},{"@type":"WebSite","@id":"https:\/\/mirko2026.de\/#website","url":"https:\/\/mirko2026.de\/","name":"Mirko 2026 Leipzig","description":"Leipzig verbindet.","potentialAction":[{"@type":"SearchAction","target":{"@type":"EntryPoint","urlTemplate":"https:\/\/mirko2026.de\/?s={search_term_string}"},"query-input":{"@type":"PropertyValueSpecification","valueRequired":true,"valueName":"search_term_string"}}],"inLanguage":"de"}]}},"_links":{"self":[{"href":"https:\/\/mirko2026.de\/index.php\/wp-json\/wp\/v2\/pages\/271","targetHints":{"allow":["GET"]}}],"collection":[{"href":"https:\/\/mirko2026.de\/index.php\/wp-json\/wp\/v2\/pages"}],"about":[{"href":"https:\/\/mirko2026.de\/index.php\/wp-json\/wp\/v2\/types\/page"}],"author":[{"embeddable":true,"href":"https:\/\/mirko2026.de\/index.php\/wp-json\/wp\/v2\/users\/2"}],"replies":[{"embeddable":true,"href":"https:\/\/mirko2026.de\/index.php\/wp-json\/wp\/v2\/comments?post=271"}],"version-history":[{"count":30,"href":"https:\/\/mirko2026.de\/index.php\/wp-json\/wp\/v2\/pages\/271\/revisions"}],"predecessor-version":[{"id":580,"href":"https:\/\/mirko2026.de\/index.php\/wp-json\/wp\/v2\/pages\/271\/revisions\/580"}],"wp:attachment":[{"href":"https:\/\/mirko2026.de\/index.php\/wp-json\/wp\/v2\/media?parent=271"}],"curies":[{"name":"wp","href":"https:\/\/api.w.org\/{rel}","templated":true}]}}