{"id":320,"date":"2025-05-13T16:11:29","date_gmt":"2025-05-13T14:11:29","guid":{"rendered":"https:\/\/mirko2026.de\/?page_id=320"},"modified":"2025-09-16T21:04:44","modified_gmt":"2025-09-16T19:04:44","slug":"impressum","status":"publish","type":"page","link":"https:\/\/mirko2026.de\/index.php\/impressum\/","title":{"rendered":"Impressum"},"content":{"rendered":"\n\n\tAngaben gem\u00e4\u00df \u00a7 5 DDG\n<br \/>MiRKo Leipzig GmbH i.\u202fGr.<br \/>Goerdelerring 5<br \/>04109 Leipzig\nVertretungsberechtigte Gesch\u00e4ftsf\u00fchrer:\nChristopher Jonathan Miguel Bille\nJulia Leppin\nKontakt<br \/><br \/><a title=\"mailto:direktion@mirko2026.de\" href=\"mailto:direktion@mirko2026.de\" data-linkindex=\"0\">E-Mail: direktion@mirko2026.de<\/a>\nRegistereintrag:<br \/>Eintragung im Handelsregister erfolgt nach Abschluss der Gr\u00fcndung.\nRegistergericht: Amtsgericht Leipzig\nUmsatzsteuer-ID:<br \/>wird nachgereicht gem\u00e4\u00df \u00a7\u202f27a UStG\nRedaktionell verantwortlich:<br \/>Christopher Jonathan Miguel Bille\nEU-Streitschlichtung<br \/>Die Europ\u00e4ische Kommission stellt eine Plattform zur Online-Streitbeilegung (OS) bereit:<br \/><a title=\"https:\/\/ec.europa.eu\/consumers\/odr\/\" href=\"https:\/\/ec.europa.eu\/consumers\/odr\/\" data-auth=\"NotApplicable\" data-linkindex=\"1\">https:\/\/ec.europa.eu\/consumers\/odr\/<\/a>\nUnsere E-Mail-Adresse finden Sie oben im Impressum.\nVerbraucherstreitbeilegung \/ Universalschlichtungsstelle<br \/>Wir sind nicht bereit oder verpflichtet, an Streitbeilegungsverfahren vor einer Verbraucherschlichtungsstelle teilzunehmen.\n\n","protected":false},"excerpt":{"rendered":"<p>Angaben gem\u00e4\u00df \u00a7 5 DDG MiRKo Leipzig GmbH i.\u202fGr.Goerdelerring 504109 Leipzig Vertretungsberechtigte Gesch\u00e4ftsf\u00fchrer: Christopher Jonathan Miguel Bille Julia Leppin Kontakt E-Mail: direktion@mirko2026.de Registereintrag:Eintragung im Handelsregister erfolgt nach Abschluss der Gr\u00fcndung. Registergericht: Amtsgericht Leipzig Umsatzsteuer-ID:wird nachgereicht gem\u00e4\u00df \u00a7\u202f27a UStG Redaktionell verantwortlich:Christopher Jonathan Miguel Bille EU-StreitschlichtungDie Europ\u00e4ische Kommission stellt eine Plattform zur Online-Streitbeilegung (OS) bereit:https:\/\/ec.europa.eu\/consumers\/odr\/ Unsere E-Mail-Adresse&hellip;<\/p>\n","protected":false},"author":2,"featured_media":0,"parent":0,"menu_order":0,"comment_status":"closed","ping_status":"closed","template":"","meta":{"footnotes":""},"class_list":["post-320","page","type-page","status-publish","hentry"],"yoast_head":"<!-- This site is optimized with the Yoast SEO plugin v27.2 - https:\/\/yoast.com\/product\/yoast-seo-wordpress\/ -->\n<title>Impressum - Mirko 2026 Leipzig<\/title>\n<meta name=\"robots\" content=\"index, follow, max-snippet:-1, max-image-preview:large, max-video-preview:-1\" \/>\n<link rel=\"canonical\" href=\"https:\/\/mirko2026.de\/index.php\/impressum\/\" \/>\n<meta property=\"og:locale\" content=\"de_DE\" \/>\n<meta property=\"og:type\" content=\"article\" \/>\n<meta property=\"og:title\" content=\"Impressum - Mirko 2026 Leipzig\" \/>\n<meta property=\"og:description\" content=\"Angaben gem\u00e4\u00df \u00a7 5 DDG MiRKo Leipzig GmbH i.\u202fGr.Goerdelerring 504109 Leipzig Vertretungsberechtigte Gesch\u00e4ftsf\u00fchrer: Christopher Jonathan Miguel Bille Julia Leppin Kontakt E-Mail: direktion@mirko2026.de Registereintrag:Eintragung im Handelsregister erfolgt nach Abschluss der Gr\u00fcndung. Registergericht: Amtsgericht Leipzig Umsatzsteuer-ID:wird nachgereicht gem\u00e4\u00df \u00a7\u202f27a UStG Redaktionell verantwortlich:Christopher Jonathan Miguel Bille EU-StreitschlichtungDie Europ\u00e4ische Kommission stellt eine Plattform zur Online-Streitbeilegung (OS) bereit:https:\/\/ec.europa.eu\/consumers\/odr\/ Unsere E-Mail-Adresse&hellip;\" \/>\n<meta property=\"og:url\" content=\"https:\/\/mirko2026.de\/index.php\/impressum\/\" \/>\n<meta property=\"og:site_name\" content=\"Mirko 2026 Leipzig\" \/>\n<meta property=\"article:modified_time\" content=\"2025-09-16T19:04:44+00:00\" \/>\n<meta name=\"twitter:card\" content=\"summary_large_image\" \/>\n<script type=\"application\/ld+json\" class=\"yoast-schema-graph\">{\"@context\":\"https:\/\/schema.org\",\"@graph\":[{\"@type\":\"WebPage\",\"@id\":\"https:\/\/mirko2026.de\/index.php\/impressum\/\",\"url\":\"https:\/\/mirko2026.de\/index.php\/impressum\/\",\"name\":\"Impressum - Mirko 2026 Leipzig\",\"isPartOf\":{\"@id\":\"https:\/\/mirko2026.de\/#website\"},\"datePublished\":\"2025-05-13T14:11:29+00:00\",\"dateModified\":\"2025-09-16T19:04:44+00:00\",\"breadcrumb\":{\"@id\":\"https:\/\/mirko2026.de\/index.php\/impressum\/#breadcrumb\"},\"inLanguage\":\"de\",\"potentialAction\":[{\"@type\":\"ReadAction\",\"target\":[\"https:\/\/mirko2026.de\/index.php\/impressum\/\"]}]},{\"@type\":\"BreadcrumbList\",\"@id\":\"https:\/\/mirko2026.de\/index.php\/impressum\/#breadcrumb\",\"itemListElement\":[{\"@type\":\"ListItem\",\"position\":1,\"name\":\"Startseite\",\"item\":\"https:\/\/mirko2026.de\/\"},{\"@type\":\"ListItem\",\"position\":2,\"name\":\"Impressum\"}]},{\"@type\":\"WebSite\",\"@id\":\"https:\/\/mirko2026.de\/#website\",\"url\":\"https:\/\/mirko2026.de\/\",\"name\":\"Mirko 2026 Leipzig\",\"description\":\"Leipzig verbindet.\",\"potentialAction\":[{\"@type\":\"SearchAction\",\"target\":{\"@type\":\"EntryPoint\",\"urlTemplate\":\"https:\/\/mirko2026.de\/?s={search_term_string}\"},\"query-input\":{\"@type\":\"PropertyValueSpecification\",\"valueRequired\":true,\"valueName\":\"search_term_string\"}}],\"inLanguage\":\"de\"}]}<\/script>\n<!-- \/ Yoast SEO plugin. -->","yoast_head_json":{"title":"Impressum - Mirko 2026 Leipzig","robots":{"index":"index","follow":"follow","max-snippet":"max-snippet:-1","max-image-preview":"max-image-preview:large","max-video-preview":"max-video-preview:-1"},"canonical":"https:\/\/mirko2026.de\/index.php\/impressum\/","og_locale":"de_DE","og_type":"article","og_title":"Impressum - Mirko 2026 Leipzig","og_description":"Angaben gem\u00e4\u00df \u00a7 5 DDG MiRKo Leipzig GmbH i.\u202fGr.Goerdelerring 504109 Leipzig Vertretungsberechtigte Gesch\u00e4ftsf\u00fchrer: Christopher Jonathan Miguel Bille Julia Leppin Kontakt E-Mail: direktion@mirko2026.de Registereintrag:Eintragung im Handelsregister erfolgt nach Abschluss der Gr\u00fcndung. Registergericht: Amtsgericht Leipzig Umsatzsteuer-ID:wird nachgereicht gem\u00e4\u00df \u00a7\u202f27a UStG Redaktionell verantwortlich:Christopher Jonathan Miguel Bille EU-StreitschlichtungDie Europ\u00e4ische Kommission stellt eine Plattform zur Online-Streitbeilegung (OS) bereit:https:\/\/ec.europa.eu\/consumers\/odr\/ Unsere E-Mail-Adresse&hellip;","og_url":"https:\/\/mirko2026.de\/index.php\/impressum\/","og_site_name":"Mirko 2026 Leipzig","article_modified_time":"2025-09-16T19:04:44+00:00","twitter_card":"summary_large_image","schema":{"@context":"https:\/\/schema.org","@graph":[{"@type":"WebPage","@id":"https:\/\/mirko2026.de\/index.php\/impressum\/","url":"https:\/\/mirko2026.de\/index.php\/impressum\/","name":"Impressum - Mirko 2026 Leipzig","isPartOf":{"@id":"https:\/\/mirko2026.de\/#website"},"datePublished":"2025-05-13T14:11:29+00:00","dateModified":"2025-09-16T19:04:44+00:00","breadcrumb":{"@id":"https:\/\/mirko2026.de\/index.php\/impressum\/#breadcrumb"},"inLanguage":"de","potentialAction":[{"@type":"ReadAction","target":["https:\/\/mirko2026.de\/index.php\/impressum\/"]}]},{"@type":"BreadcrumbList","@id":"https:\/\/mirko2026.de\/index.php\/impressum\/#breadcrumb","itemListElement":[{"@type":"ListItem","position":1,"name":"Startseite","item":"https:\/\/mirko2026.de\/"},{"@type":"ListItem","position":2,"name":"Impressum"}]},{"@type":"WebSite","@id":"https:\/\/mirko2026.de\/#website","url":"https:\/\/mirko2026.de\/","name":"Mirko 2026 Leipzig","description":"Leipzig verbindet.","potentialAction":[{"@type":"SearchAction","target":{"@type":"EntryPoint","urlTemplate":"https:\/\/mirko2026.de\/?s={search_term_string}"},"query-input":{"@type":"PropertyValueSpecification","valueRequired":true,"valueName":"search_term_string"}}],"inLanguage":"de"}]}},"_links":{"self":[{"href":"https:\/\/mirko2026.de\/index.php\/wp-json\/wp\/v2\/pages\/320","targetHints":{"allow":["GET"]}}],"collection":[{"href":"https:\/\/mirko2026.de\/index.php\/wp-json\/wp\/v2\/pages"}],"about":[{"href":"https:\/\/mirko2026.de\/index.php\/wp-json\/wp\/v2\/types\/page"}],"author":[{"embeddable":true,"href":"https:\/\/mirko2026.de\/index.php\/wp-json\/wp\/v2\/users\/2"}],"replies":[{"embeddable":true,"href":"https:\/\/mirko2026.de\/index.php\/wp-json\/wp\/v2\/comments?post=320"}],"version-history":[{"count":3,"href":"https:\/\/mirko2026.de\/index.php\/wp-json\/wp\/v2\/pages\/320\/revisions"}],"predecessor-version":[{"id":390,"href":"https:\/\/mirko2026.de\/index.php\/wp-json\/wp\/v2\/pages\/320\/revisions\/390"}],"wp:attachment":[{"href":"https:\/\/mirko2026.de\/index.php\/wp-json\/wp\/v2\/media?parent=320"}],"curies":[{"name":"wp","href":"https:\/\/api.w.org\/{rel}","templated":true}]}}