{"id":344,"date":"2025-09-16T13:47:53","date_gmt":"2025-09-16T11:47:53","guid":{"rendered":"https:\/\/mirko2026.de\/?page_id=344"},"modified":"2026-04-10T20:07:10","modified_gmt":"2026-04-10T18:07:10","slug":"uebernachtung","status":"publish","type":"page","link":"https:\/\/mirko2026.de\/index.php\/uebernachtung\/","title":{"rendered":"\u00dcbernachtung"},"content":{"rendered":"\n<figure itemscope itemtype=\"https:\/\/schema.org\/ImageObject\">\n\t\t\t\t<img decoding=\"async\" src=\"https:\/\/mirko2026.de\/wp-content\/uploads\/2025\/09\/HOtels.jpeg\" alt=\"Hotels\" height=\"1024\" width=\"1024\" title=\"Hotels\" onerror=\"this.style.display='none'\" loading=\"lazy\" \/>\n\t<\/figure>\n<h2>\n\t\t\tHotel-Kontingente f\u00fcr Euch\t<\/h2>\n\t<p>F\u00fcr die MiRKo 2026 haben wir f\u00fcr Euch Hotelkontingente mitten in Leipzig gesichert. So erreicht Ihr die <strong data-start=\"230\" data-end=\"276\">Konferenz-Basis in der IHK am Goerdelerring<\/strong> bequem zu Fu\u00df oder per \u00d6PNV. Einige Hotels bieten exklusive Rabatte und haben Zimmer speziell f\u00fcr uns blockiert &#8211; rechtzeitig buchen lohnt sich!<\/p>\n<h2>\n\t\t\tVienna House Easy am Hauptbahnhof\t<\/h2>\n\t<p>Zentral am Hauptbahnhof gelegen, stylisch und entspannt. F\u00fcr die MiRKo gibt es bis Mitte Oktober ein besonders attraktives Rabattkontingent: Ab Donnerstag sind 20 Zimmer und ab Freitag sogar 60 Zimmer f\u00fcr Euch reserviert.<\/p>\n<p><strong>Einzelzimmer: 99\u20ac\/1. Nacht, 129\u20ac\/2. und 3. Nacht, inkl. Fr\u00fchst\u00fcck<\/strong><\/p>\n<p><strong>Doppelzimmer: 99\u20ac\/1. Nacht, 149\u20ac\/ 2. und 3. Nacht, inkl. F\u00fchrst\u00fcck<\/strong><\/p>\n<p><strong>&#8211; ausgebucht &#8211;<\/strong><\/p>\n<p>&nbsp;<\/p>\n\t\t\t<a href=\"https:\/\/be-p2.synxis.com\/?adult=1&#038;arrive=2026-06-11&#038;chain=5136&#038;child=0&#038;config=VHGRP&#038;currency=EUR&#038;depart=2026-06-12&#038;group=061126WIR&#038;hotel=91129&#038;level=chain&#038;locale=en-GB&#038;productcurrency=EUR&#038;rooms=1&#038;src=SBE&#038;theme=VH\"  target=\"_blank\" rel=\"noopener\"    rel=\"noopener\">\n\t\t\t\t\t\t\tJetzt buchen!\n\t\t\t<\/a>\n<figure itemscope itemtype=\"https:\/\/schema.org\/ImageObject\">\n\t\t\t\t<img decoding=\"async\" src=\"https:\/\/mirko2026.de\/wp-content\/uploads\/2025\/09\/Vienna-House-Easy.jpg\" alt=\"Vienna House Easy\" height=\"682\" width=\"1024\" title=\"Vienna House Easy\" onerror=\"this.style.display='none'\" loading=\"lazy\" \/>\n\t<\/figure>\n<h2>\n\t\t\tStaycity Aparthotels Augustusplatz\t<\/h2>\n\t<p>Moderne Studios und Apartments mitten im Zentrum &#8211; mit Kitchenette, viel Platz und Hotelservice. Ideal f\u00fcr alle, die w\u00e4hrend der Konferenz flexibel und unabh\u00e4ngig wohnen m\u00f6chten. 50 Studios sind f\u00fcr euch bis 30.04.2026 reserviert.<\/p>\n<p>Zur Buchung ladet euch bitte das Formular herunter und sendet es ausgef\u00fcllt an <strong>LeipzigCityCentre.Sales@staycity.com<\/strong>.<\/p>\n<p><strong>Studio f\u00fcr 1 Person: 95\u20ac\/Nacht inkl. Fr\u00fchst\u00fcck<\/strong><\/p>\n\t\t\t<a href=\"https:\/\/mirko2026.de\/wp-content\/uploads\/2026\/02\/Reservierungsformular-MiRKo-2026-staycity.pdf\"  target=\"_blank\" rel=\"noopener\"   download  rel=\"noopener\">\n\t\t\t\t\t\t\tJetzt Formular herunterladen!\n\t\t\t<\/a>\n<figure itemscope itemtype=\"https:\/\/schema.org\/ImageObject\">\n\t\t\t\t<img decoding=\"async\" src=\"https:\/\/mirko2026.de\/wp-content\/uploads\/2025\/09\/Staycity.png\" alt=\"Staycity\" height=\"674\" width=\"1014\" title=\"Staycity\" onerror=\"this.style.display='none'\" loading=\"lazy\" \/>\n\t<\/figure>\n<h2>\n\t\t\tTravel24 direkt am Goerdelerring\t<\/h2>\n\t<p>Direkt am Goerdelerring und damit nur wenige Schritte von der IHK entfernt. Modernes Design, unkomplizierter Komfort und eine Top-Lage f\u00fcr kurze Wege w\u00e4hrend der Konferenz.<\/p>\n<p>Die Zimmer sind bis <strong>30.04.2026<\/strong> f\u00fcr euch reserviert.<\/p>\n<p>Zur Buchung ladet euch bitte das Formular herunter und sendet es ausgef\u00fcllt an <strong>info@hotel-travel24.de<\/strong>.<\/p>\n<p><strong>109,00 EUR im EZ\/Nacht exkl. Fr\u00fchst\u00fcck<\/strong><\/p>\n<p><strong>119,00 EUR im DZ\/Nacht exkl. Fr\u00fchst\u00fcck<\/strong><\/p>\n\t\t\t<a href=\"https:\/\/mirko2026.de\/wp-content\/uploads\/2025\/10\/travel24.pdf\"  target=\"_self\"  download>\n\t\t\t\t\t\t\tJetzt Formular herunterladen!\n\t\t\t<\/a>\n<figure itemscope itemtype=\"https:\/\/schema.org\/ImageObject\">\n\t\t\t\t<img decoding=\"async\" src=\"https:\/\/mirko2026.de\/wp-content\/uploads\/2025\/09\/Travel24-Hotel-1024x512.jpeg\" alt=\"Travel24 Hotel\" height=\"512\" width=\"1024\" title=\"Travel24 Hotel\" onerror=\"this.style.display='none'\" loading=\"lazy\" \/>\n\t<\/figure>\n<h2>\n\t\t\tMotel One Leipzig-Post (Augustusplatz)\t<\/h2>\n\t<p>In der ehemaligen Hauptpost, direkt am Augustusplatz. Urbanes Designhotel mit typischem Motel-One-Charme, ideal, um nach dem Konferenztag noch Leipzigs Zentrum zu erleben.<\/p>\n<p>Nebenan findet auch der Welcome Abend statt.<\/p>\n<p>Die Zimmer sind bis <strong>30.04.2026<\/strong> f\u00fcr euch reserviert.<\/p>\n<p>Zur Buchung ladet euch bitte das Formular herunter und sendet es ausgef\u00fcllt an <strong>leipzig-post@motel-one.com.<\/strong><\/p>\n<p><strong>119,00 EUR pro Zimmer\/Nacht exklusive Fr\u00fchst\u00fcck<\/strong><\/p>\n\t\t\t<a href=\"https:\/\/mirko2026.de\/wp-content\/uploads\/2025\/09\/Abrufkontingent-\u201eMiRKo-2026-Motel-One.pdf\"  target=\"_self\"  download>\n\t\t\t\t\t\t\tJetzt Formular herunterladen\n\t\t\t<\/a>\n<figure itemscope itemtype=\"https:\/\/schema.org\/ImageObject\">\n\t\t\t\t<img decoding=\"async\" src=\"https:\/\/mirko2026.de\/wp-content\/uploads\/2025\/09\/Motel-One-Alte-Post.jpg\" alt=\"Motel One Alte Post\" height=\"682\" width=\"1024\" title=\"Motel One Alte Post\" onerror=\"this.style.display='none'\" loading=\"lazy\" \/>\n\t<\/figure>\n\n","protected":false},"excerpt":{"rendered":"<p>Hotel-Kontingente f\u00fcr Euch F\u00fcr die MiRKo 2026 haben wir f\u00fcr Euch Hotelkontingente mitten in Leipzig gesichert. So erreicht Ihr die Konferenz-Basis in der IHK am Goerdelerring bequem zu Fu\u00df oder per \u00d6PNV. Einige Hotels bieten exklusive Rabatte und haben Zimmer speziell f\u00fcr uns blockiert &#8211; rechtzeitig buchen lohnt sich! Vienna House Easy am Hauptbahnhof Zentral&hellip;<\/p>\n","protected":false},"author":2,"featured_media":0,"parent":0,"menu_order":0,"comment_status":"closed","ping_status":"closed","template":"","meta":{"footnotes":""},"class_list":["post-344","page","type-page","status-publish","hentry"],"yoast_head":"<!-- This site is optimized with the Yoast SEO plugin v27.4 - https:\/\/yoast.com\/product\/yoast-seo-wordpress\/ -->\n<title>\u00dcbernachtung - Mirko 2026 Leipzig<\/title>\n<meta name=\"robots\" content=\"index, follow, max-snippet:-1, max-image-preview:large, max-video-preview:-1\" \/>\n<link rel=\"canonical\" href=\"https:\/\/mirko2026.de\/index.php\/uebernachtung\/\" \/>\n<meta property=\"og:locale\" content=\"de_DE\" \/>\n<meta property=\"og:type\" content=\"article\" \/>\n<meta property=\"og:title\" content=\"\u00dcbernachtung - Mirko 2026 Leipzig\" \/>\n<meta property=\"og:description\" content=\"Hotel-Kontingente f\u00fcr Euch F\u00fcr die MiRKo 2026 haben wir f\u00fcr Euch Hotelkontingente mitten in Leipzig gesichert. So erreicht Ihr die Konferenz-Basis in der IHK am Goerdelerring bequem zu Fu\u00df oder per \u00d6PNV. Einige Hotels bieten exklusive Rabatte und haben Zimmer speziell f\u00fcr uns blockiert &#8211; rechtzeitig buchen lohnt sich! Vienna House Easy am Hauptbahnhof Zentral&hellip;\" \/>\n<meta property=\"og:url\" content=\"https:\/\/mirko2026.de\/index.php\/uebernachtung\/\" \/>\n<meta property=\"og:site_name\" content=\"Mirko 2026 Leipzig\" \/>\n<meta property=\"article:modified_time\" content=\"2026-04-10T18:07:10+00:00\" \/>\n<meta property=\"og:image\" content=\"https:\/\/mirko2026.de\/wp-content\/uploads\/2025\/09\/HOtels.jpeg\" \/>\n<meta name=\"twitter:card\" content=\"summary_large_image\" \/>\n<meta name=\"twitter:label1\" content=\"Gesch\u00e4tzte Lesezeit\" \/>\n\t<meta name=\"twitter:data1\" content=\"3\u00a0Minuten\" \/>\n<script type=\"application\/ld+json\" class=\"yoast-schema-graph\">{\"@context\":\"https:\\\/\\\/schema.org\",\"@graph\":[{\"@type\":\"WebPage\",\"@id\":\"https:\\\/\\\/mirko2026.de\\\/index.php\\\/uebernachtung\\\/\",\"url\":\"https:\\\/\\\/mirko2026.de\\\/index.php\\\/uebernachtung\\\/\",\"name\":\"\u00dcbernachtung - Mirko 2026 Leipzig\",\"isPartOf\":{\"@id\":\"https:\\\/\\\/mirko2026.de\\\/#website\"},\"primaryImageOfPage\":{\"@id\":\"https:\\\/\\\/mirko2026.de\\\/index.php\\\/uebernachtung\\\/#primaryimage\"},\"image\":{\"@id\":\"https:\\\/\\\/mirko2026.de\\\/index.php\\\/uebernachtung\\\/#primaryimage\"},\"thumbnailUrl\":\"https:\\\/\\\/mirko2026.de\\\/wp-content\\\/uploads\\\/2025\\\/09\\\/HOtels.jpeg\",\"datePublished\":\"2025-09-16T11:47:53+00:00\",\"dateModified\":\"2026-04-10T18:07:10+00:00\",\"breadcrumb\":{\"@id\":\"https:\\\/\\\/mirko2026.de\\\/index.php\\\/uebernachtung\\\/#breadcrumb\"},\"inLanguage\":\"de\",\"potentialAction\":[{\"@type\":\"ReadAction\",\"target\":[\"https:\\\/\\\/mirko2026.de\\\/index.php\\\/uebernachtung\\\/\"]}]},{\"@type\":\"ImageObject\",\"inLanguage\":\"de\",\"@id\":\"https:\\\/\\\/mirko2026.de\\\/index.php\\\/uebernachtung\\\/#primaryimage\",\"url\":\"https:\\\/\\\/mirko2026.de\\\/wp-content\\\/uploads\\\/2025\\\/09\\\/HOtels.jpeg\",\"contentUrl\":\"https:\\\/\\\/mirko2026.de\\\/wp-content\\\/uploads\\\/2025\\\/09\\\/HOtels.jpeg\",\"width\":1024,\"height\":1024},{\"@type\":\"BreadcrumbList\",\"@id\":\"https:\\\/\\\/mirko2026.de\\\/index.php\\\/uebernachtung\\\/#breadcrumb\",\"itemListElement\":[{\"@type\":\"ListItem\",\"position\":1,\"name\":\"Startseite\",\"item\":\"https:\\\/\\\/mirko2026.de\\\/\"},{\"@type\":\"ListItem\",\"position\":2,\"name\":\"\u00dcbernachtung\"}]},{\"@type\":\"WebSite\",\"@id\":\"https:\\\/\\\/mirko2026.de\\\/#website\",\"url\":\"https:\\\/\\\/mirko2026.de\\\/\",\"name\":\"Mirko 2026 Leipzig\",\"description\":\"Leipzig verbindet.\",\"potentialAction\":[{\"@type\":\"SearchAction\",\"target\":{\"@type\":\"EntryPoint\",\"urlTemplate\":\"https:\\\/\\\/mirko2026.de\\\/?s={search_term_string}\"},\"query-input\":{\"@type\":\"PropertyValueSpecification\",\"valueRequired\":true,\"valueName\":\"search_term_string\"}}],\"inLanguage\":\"de\"}]}<\/script>\n<!-- \/ Yoast SEO plugin. -->","yoast_head_json":{"title":"\u00dcbernachtung - Mirko 2026 Leipzig","robots":{"index":"index","follow":"follow","max-snippet":"max-snippet:-1","max-image-preview":"max-image-preview:large","max-video-preview":"max-video-preview:-1"},"canonical":"https:\/\/mirko2026.de\/index.php\/uebernachtung\/","og_locale":"de_DE","og_type":"article","og_title":"\u00dcbernachtung - Mirko 2026 Leipzig","og_description":"Hotel-Kontingente f\u00fcr Euch F\u00fcr die MiRKo 2026 haben wir f\u00fcr Euch Hotelkontingente mitten in Leipzig gesichert. So erreicht Ihr die Konferenz-Basis in der IHK am Goerdelerring bequem zu Fu\u00df oder per \u00d6PNV. Einige Hotels bieten exklusive Rabatte und haben Zimmer speziell f\u00fcr uns blockiert &#8211; rechtzeitig buchen lohnt sich! Vienna House Easy am Hauptbahnhof Zentral&hellip;","og_url":"https:\/\/mirko2026.de\/index.php\/uebernachtung\/","og_site_name":"Mirko 2026 Leipzig","article_modified_time":"2026-04-10T18:07:10+00:00","og_image":[{"url":"https:\/\/mirko2026.de\/wp-content\/uploads\/2025\/09\/HOtels.jpeg","type":"","width":"","height":""}],"twitter_card":"summary_large_image","twitter_misc":{"Gesch\u00e4tzte Lesezeit":"3\u00a0Minuten"},"schema":{"@context":"https:\/\/schema.org","@graph":[{"@type":"WebPage","@id":"https:\/\/mirko2026.de\/index.php\/uebernachtung\/","url":"https:\/\/mirko2026.de\/index.php\/uebernachtung\/","name":"\u00dcbernachtung - Mirko 2026 Leipzig","isPartOf":{"@id":"https:\/\/mirko2026.de\/#website"},"primaryImageOfPage":{"@id":"https:\/\/mirko2026.de\/index.php\/uebernachtung\/#primaryimage"},"image":{"@id":"https:\/\/mirko2026.de\/index.php\/uebernachtung\/#primaryimage"},"thumbnailUrl":"https:\/\/mirko2026.de\/wp-content\/uploads\/2025\/09\/HOtels.jpeg","datePublished":"2025-09-16T11:47:53+00:00","dateModified":"2026-04-10T18:07:10+00:00","breadcrumb":{"@id":"https:\/\/mirko2026.de\/index.php\/uebernachtung\/#breadcrumb"},"inLanguage":"de","potentialAction":[{"@type":"ReadAction","target":["https:\/\/mirko2026.de\/index.php\/uebernachtung\/"]}]},{"@type":"ImageObject","inLanguage":"de","@id":"https:\/\/mirko2026.de\/index.php\/uebernachtung\/#primaryimage","url":"https:\/\/mirko2026.de\/wp-content\/uploads\/2025\/09\/HOtels.jpeg","contentUrl":"https:\/\/mirko2026.de\/wp-content\/uploads\/2025\/09\/HOtels.jpeg","width":1024,"height":1024},{"@type":"BreadcrumbList","@id":"https:\/\/mirko2026.de\/index.php\/uebernachtung\/#breadcrumb","itemListElement":[{"@type":"ListItem","position":1,"name":"Startseite","item":"https:\/\/mirko2026.de\/"},{"@type":"ListItem","position":2,"name":"\u00dcbernachtung"}]},{"@type":"WebSite","@id":"https:\/\/mirko2026.de\/#website","url":"https:\/\/mirko2026.de\/","name":"Mirko 2026 Leipzig","description":"Leipzig verbindet.","potentialAction":[{"@type":"SearchAction","target":{"@type":"EntryPoint","urlTemplate":"https:\/\/mirko2026.de\/?s={search_term_string}"},"query-input":{"@type":"PropertyValueSpecification","valueRequired":true,"valueName":"search_term_string"}}],"inLanguage":"de"}]}},"_links":{"self":[{"href":"https:\/\/mirko2026.de\/index.php\/wp-json\/wp\/v2\/pages\/344","targetHints":{"allow":["GET"]}}],"collection":[{"href":"https:\/\/mirko2026.de\/index.php\/wp-json\/wp\/v2\/pages"}],"about":[{"href":"https:\/\/mirko2026.de\/index.php\/wp-json\/wp\/v2\/types\/page"}],"author":[{"embeddable":true,"href":"https:\/\/mirko2026.de\/index.php\/wp-json\/wp\/v2\/users\/2"}],"replies":[{"embeddable":true,"href":"https:\/\/mirko2026.de\/index.php\/wp-json\/wp\/v2\/comments?post=344"}],"version-history":[{"count":9,"href":"https:\/\/mirko2026.de\/index.php\/wp-json\/wp\/v2\/pages\/344\/revisions"}],"predecessor-version":[{"id":585,"href":"https:\/\/mirko2026.de\/index.php\/wp-json\/wp\/v2\/pages\/344\/revisions\/585"}],"wp:attachment":[{"href":"https:\/\/mirko2026.de\/index.php\/wp-json\/wp\/v2\/media?parent=344"}],"curies":[{"name":"wp","href":"https:\/\/api.w.org\/{rel}","templated":true}]}}