{"id":358,"date":"2025-09-16T13:45:20","date_gmt":"2025-09-16T11:45:20","guid":{"rendered":"https:\/\/mirko2026.de\/?page_id=358"},"modified":"2026-01-13T15:41:45","modified_gmt":"2026-01-13T14:41:45","slug":"team","status":"publish","type":"page","link":"https:\/\/mirko2026.de\/index.php\/team\/","title":{"rendered":"Team"},"content":{"rendered":"\n<h1>\n\t\t\tMirko TEam\t<\/h1>\n\t<p>Eine Konferenzorganisation im Ehrenamt ohne ein herausragendes Team ist nicht m\u00f6glich. Lernt die Macherinnen und Macher hinter der MiRKo Leipzig 2026 kennen<\/p>\n\t\t\t\t<a href=\"https:\/\/julialeppin.de\"  target=\"_blank\" rel=\"noopener\"  itemprop=\"url\">\n\t\t\t\t<img decoding=\"async\" src=\"https:\/\/mirko2026.de\/wp-content\/uploads\/2025\/09\/Julia-Leppin-scaled.jpg\" alt=\"Julia Leppin\" itemprop=\"image\" height=\"2560\" width=\"1707\" title=\"Julia Leppin\" onerror=\"this.style.display='none'\" loading=\"lazy\" \/>\n\t\t\t\t<\/a>\n<h4>\n\t\t\tKonferenzdirektorin, Gesch\u00e4ftsf\u00fchrerin\t<\/h4>\n<h3>\n\t\t\tJulia Leppin\t<\/h3>\n\t<p>H\u00e4lt die F\u00e4den zusammen und sorgt daf\u00fcr, dass aus vielen Ideen ein gro\u00dfes Ganzes wird.<\/p>\n\t\t\t\t<img decoding=\"async\" src=\"https:\/\/mirko2026.de\/wp-content\/uploads\/2025\/09\/Anne-Koeppe-scaled.jpg\" alt=\"Anne K\u00f6ppe\" itemprop=\"image\" height=\"2560\" width=\"1786\" title=\"Anne K\u00f6ppe\" onerror=\"this.style.display='none'\" loading=\"lazy\" \/>\n<h4>\n\t\t\tFinanzen\t<\/h4>\n<h3>\n\t\t\tAnne K\u00f6ppe\t<\/h3>\n\t<p>Beh\u00e4lt Budget, Zahlen und Vertr\u00e4ge im Blick und sorgt daf\u00fcr, dass alles im gr\u00fcnen Bereich bleibt.<\/p>\n\t\t\t\t<img decoding=\"async\" src=\"https:\/\/mirko2026.de\/wp-content\/uploads\/2025\/09\/Freya-Peters.jpg\" alt=\"Freya Peters\" itemprop=\"image\" height=\"1920\" width=\"1280\" title=\"Freya Peters\" onerror=\"this.style.display='none'\" loading=\"lazy\" \/>\n<h4>\n\t\t\tLead Programm\t<\/h4>\n<h3>\n\t\t\tFreya Peters\t<\/h3>\n\t<p>Beh\u00e4lt den \u00dcberblick \u00fcber das gesamte Programm und sorgt daf\u00fcr, dass alle Teile ineinandergreifen.<\/p>\n\t\t\t\t<img decoding=\"async\" src=\"https:\/\/mirko2026.de\/wp-content\/uploads\/2025\/09\/Silke-Hennig-scaled.jpg\" alt=\"Silke Hennig\" itemprop=\"image\" height=\"2560\" width=\"1709\" title=\"Silke Hennig\" onerror=\"this.style.display='none'\" loading=\"lazy\" \/>\n<h4>\n\t\t\tLogistik\t<\/h4>\n<h3>\n\t\t\tSilke Hennig\t<\/h3>\n\t<p>Plant R\u00e4ume, Technik und Transfers &#8211; von der Bestuhlung bis zum Busshuttle &#8211; und sorgt so f\u00fcr einen reibungslosen Ablauf.<\/p>\n\t\t\t\t<img decoding=\"async\" src=\"https:\/\/mirko2026.de\/wp-content\/uploads\/2025\/09\/Heike-Stadoer.webp\" alt=\"Heike Stad\u00f6r\" itemprop=\"image\" height=\"347\" width=\"256\" title=\"Heike Stad\u00f6r\" onerror=\"this.style.display='none'\" loading=\"lazy\" \/>\n<h4>\n\t\t\tTeam Programm\t<\/h4>\n<h3>\n\t\t\tHeike Stad\u00f6r\t<\/h3>\n\t<p>Unterst\u00fctzt bei der Planung und Umsetzung &#8211; von der Workshop-Idee bis zur Detailorganisation.<\/p>\n\t\t\t\t<img decoding=\"async\" src=\"https:\/\/mirko2026.de\/wp-content\/uploads\/2025\/09\/Nadine-Meier.jpg\" alt=\"Nadine Meier\" itemprop=\"image\" height=\"683\" width=\"1024\" title=\"Nadine Meier\" onerror=\"this.style.display='none'\" loading=\"lazy\" \/>\n<h4>\n\t\t\tTeam Programm\t<\/h4>\n<h3>\n\t\t\tNadine Meier\t<\/h3>\n\t<p>Bringt das Know-how f\u00fcr JCI-Trainings ein und sorgt daf\u00fcr, dass internationale Standards Teil des Programms werden.<\/p>\n\t\t\t\t<img decoding=\"async\" src=\"https:\/\/mirko2026.de\/wp-content\/uploads\/2025\/09\/Rebecca-Ullmann.png\" alt=\"Rebecca Ullmann\" itemprop=\"image\" height=\"1200\" width=\"1200\" title=\"Rebecca Ullmann\" onerror=\"this.style.display='none'\" loading=\"lazy\" \/>\n<h4>\n\t\t\tAbendveranstaltungen\t<\/h4>\n<h3>\n\t\t\tRebecca Ullmann\t<\/h3>\n\t<p>Gestaltet die unvergesslichen Abende, die Netzwerken und Feiern perfekt verbinden. Welcome-Abend, Gala-Abend und Farewell Brunch.<\/p>\n\t\t\t\t<img decoding=\"async\" src=\"https:\/\/mirko2026.de\/wp-content\/uploads\/2025\/09\/Lienard-Griebsch.jpg\" alt=\"Lienard Griebsch\" itemprop=\"image\" height=\"1000\" width=\"1500\" title=\"Lienard Griebsch\" onerror=\"this.style.display='none'\" loading=\"lazy\" \/>\n<h4>\n\t\t\tAbendveranstaltungen\t<\/h4>\n<h3>\n\t\t\tLienard Griebsch\t<\/h3>\n\t<p>Gestaltet die unvergesslichen Abende, die Netzwerken und Feiern perfekt verbinden. Welcome-Abend, Gala-Abend und Farewell Brunch.<\/p>\n\t\t\t\t<img decoding=\"async\" src=\"https:\/\/mirko2026.de\/wp-content\/uploads\/2025\/09\/Stephanie-Pudenz-Pech.jpg\" alt=\"Stephanie Pudenz-Pech\" itemprop=\"image\" height=\"2240\" width=\"2329\" title=\"Stephanie Pudenz-Pech\" onerror=\"this.style.display='none'\" loading=\"lazy\" \/>\n<h4>\n\t\t\tKommunikation\t<\/h4>\n<h3>\n\t\t\tStephanie Pudenz-Pech\t<\/h3>\n\t<p>Macht die MiRKo sichtbar &#8211; online, offline und \u00fcberall dort, wo gute Stories erz\u00e4hlt werden.<\/p>\n\t\t\t\t<img decoding=\"async\" src=\"https:\/\/mirko2026.de\/wp-content\/uploads\/2026\/01\/Caroline-Grafe-1.jpeg\" alt=\"Caroline Grafe (1)\" itemprop=\"image\" height=\"1600\" width=\"1435\" title=\"Caroline Grafe (1)\" onerror=\"this.style.display='none'\" loading=\"lazy\" \/>\n<h4>\n\t\t\tKommunikation\t<\/h4>\n<h3>\n\t\t\tCaroline Grafe\t<\/h3>\n\t<p>Macht die MiRKo sichtbar &#8211; online, offline und \u00fcberall dort, wo gute Stories erz\u00e4hlt werden.<\/p>\n\t\t\t\t<img decoding=\"async\" src=\"https:\/\/mirko2026.de\/wp-content\/uploads\/2025\/09\/Christopher-Jonathan-Miguel-Bille.webp\" alt=\"Christopher Jonathan Miguel Bille\" itemprop=\"image\" height=\"800\" width=\"800\" title=\"Christopher Jonathan Miguel Bille\" onerror=\"this.style.display='none'\" loading=\"lazy\" \/>\n<h4>\n\t\t\tSponsoring\t<\/h4>\n<h3>\n\t\t\tChristopher Jonathan Miguel Bille\t<\/h3>\n\t<p>Bringt Partner und Konferenz zusammen und schafft Verbindungen, die f\u00fcr beide Seiten Mehrwert stiften.<\/p>\n\t\t\t\t<img decoding=\"async\" src=\"https:\/\/mirko2026.de\/wp-content\/uploads\/2025\/09\/Julien-Palitzsch-scaled.jpg\" alt=\"Julien Palitzsch\" itemprop=\"image\" height=\"2560\" width=\"1920\" title=\"Julien Palitzsch\" onerror=\"this.style.display='none'\" loading=\"lazy\" \/>\n<h4>\n\t\t\tSponsoring\t<\/h4>\n<h3>\n\t\t\tJulien Palitzsch\t<\/h3>\n\t<p>Bringt Partner und Konferenz zusammen und schafft Verbindungen, die f\u00fcr beide Seiten Mehrwert stiften.<\/p>\n\n","protected":false},"excerpt":{"rendered":"<p>Mirko TEam Eine Konferenzorganisation im Ehrenamt ohne ein herausragendes Team ist nicht m\u00f6glich. Lernt die Macherinnen und Macher hinter der MiRKo Leipzig 2026 kennen Konferenzdirektorin, Gesch\u00e4ftsf\u00fchrerin Julia Leppin H\u00e4lt die F\u00e4den zusammen und sorgt daf\u00fcr, dass aus vielen Ideen ein gro\u00dfes Ganzes wird. Finanzen Anne K\u00f6ppe Beh\u00e4lt Budget, Zahlen und Vertr\u00e4ge im Blick und sorgt&hellip;<\/p>\n","protected":false},"author":2,"featured_media":0,"parent":0,"menu_order":0,"comment_status":"closed","ping_status":"closed","template":"","meta":{"footnotes":""},"class_list":["post-358","page","type-page","status-publish","hentry"],"yoast_head":"<!-- This site is optimized with the Yoast SEO plugin v27.2 - https:\/\/yoast.com\/product\/yoast-seo-wordpress\/ -->\n<title>Team - Mirko 2026 Leipzig<\/title>\n<meta name=\"robots\" content=\"index, follow, max-snippet:-1, max-image-preview:large, max-video-preview:-1\" \/>\n<link rel=\"canonical\" href=\"https:\/\/mirko2026.de\/index.php\/team\/\" \/>\n<meta property=\"og:locale\" content=\"de_DE\" \/>\n<meta property=\"og:type\" content=\"article\" \/>\n<meta property=\"og:title\" content=\"Team - Mirko 2026 Leipzig\" \/>\n<meta property=\"og:description\" content=\"Mirko TEam Eine Konferenzorganisation im Ehrenamt ohne ein herausragendes Team ist nicht m\u00f6glich. Lernt die Macherinnen und Macher hinter der MiRKo Leipzig 2026 kennen Konferenzdirektorin, Gesch\u00e4ftsf\u00fchrerin Julia Leppin H\u00e4lt die F\u00e4den zusammen und sorgt daf\u00fcr, dass aus vielen Ideen ein gro\u00dfes Ganzes wird. Finanzen Anne K\u00f6ppe Beh\u00e4lt Budget, Zahlen und Vertr\u00e4ge im Blick und sorgt&hellip;\" \/>\n<meta property=\"og:url\" content=\"https:\/\/mirko2026.de\/index.php\/team\/\" \/>\n<meta property=\"og:site_name\" content=\"Mirko 2026 Leipzig\" \/>\n<meta property=\"article:modified_time\" content=\"2026-01-13T14:41:45+00:00\" \/>\n<meta property=\"og:image\" content=\"https:\/\/mirko2026.de\/wp-content\/uploads\/2025\/09\/Julia-Leppin-scaled.jpg\" \/>\n<meta name=\"twitter:card\" content=\"summary_large_image\" \/>\n<meta name=\"twitter:label1\" content=\"Gesch\u00e4tzte Lesezeit\" \/>\n\t<meta name=\"twitter:data1\" content=\"3\u00a0Minuten\" \/>\n<script type=\"application\/ld+json\" class=\"yoast-schema-graph\">{\"@context\":\"https:\/\/schema.org\",\"@graph\":[{\"@type\":\"WebPage\",\"@id\":\"https:\/\/mirko2026.de\/index.php\/team\/\",\"url\":\"https:\/\/mirko2026.de\/index.php\/team\/\",\"name\":\"Team - Mirko 2026 Leipzig\",\"isPartOf\":{\"@id\":\"https:\/\/mirko2026.de\/#website\"},\"primaryImageOfPage\":{\"@id\":\"https:\/\/mirko2026.de\/index.php\/team\/#primaryimage\"},\"image\":{\"@id\":\"https:\/\/mirko2026.de\/index.php\/team\/#primaryimage\"},\"thumbnailUrl\":\"https:\/\/mirko2026.de\/wp-content\/uploads\/2025\/09\/Julia-Leppin-scaled.jpg\",\"datePublished\":\"2025-09-16T11:45:20+00:00\",\"dateModified\":\"2026-01-13T14:41:45+00:00\",\"breadcrumb\":{\"@id\":\"https:\/\/mirko2026.de\/index.php\/team\/#breadcrumb\"},\"inLanguage\":\"de\",\"potentialAction\":[{\"@type\":\"ReadAction\",\"target\":[\"https:\/\/mirko2026.de\/index.php\/team\/\"]}]},{\"@type\":\"ImageObject\",\"inLanguage\":\"de\",\"@id\":\"https:\/\/mirko2026.de\/index.php\/team\/#primaryimage\",\"url\":\"https:\/\/mirko2026.de\/wp-content\/uploads\/2025\/09\/Julia-Leppin-scaled.jpg\",\"contentUrl\":\"https:\/\/mirko2026.de\/wp-content\/uploads\/2025\/09\/Julia-Leppin-scaled.jpg\",\"width\":1707,\"height\":2560},{\"@type\":\"BreadcrumbList\",\"@id\":\"https:\/\/mirko2026.de\/index.php\/team\/#breadcrumb\",\"itemListElement\":[{\"@type\":\"ListItem\",\"position\":1,\"name\":\"Startseite\",\"item\":\"https:\/\/mirko2026.de\/\"},{\"@type\":\"ListItem\",\"position\":2,\"name\":\"Team\"}]},{\"@type\":\"WebSite\",\"@id\":\"https:\/\/mirko2026.de\/#website\",\"url\":\"https:\/\/mirko2026.de\/\",\"name\":\"Mirko 2026 Leipzig\",\"description\":\"Leipzig verbindet.\",\"potentialAction\":[{\"@type\":\"SearchAction\",\"target\":{\"@type\":\"EntryPoint\",\"urlTemplate\":\"https:\/\/mirko2026.de\/?s={search_term_string}\"},\"query-input\":{\"@type\":\"PropertyValueSpecification\",\"valueRequired\":true,\"valueName\":\"search_term_string\"}}],\"inLanguage\":\"de\"}]}<\/script>\n<!-- \/ Yoast SEO plugin. -->","yoast_head_json":{"title":"Team - Mirko 2026 Leipzig","robots":{"index":"index","follow":"follow","max-snippet":"max-snippet:-1","max-image-preview":"max-image-preview:large","max-video-preview":"max-video-preview:-1"},"canonical":"https:\/\/mirko2026.de\/index.php\/team\/","og_locale":"de_DE","og_type":"article","og_title":"Team - Mirko 2026 Leipzig","og_description":"Mirko TEam Eine Konferenzorganisation im Ehrenamt ohne ein herausragendes Team ist nicht m\u00f6glich. Lernt die Macherinnen und Macher hinter der MiRKo Leipzig 2026 kennen Konferenzdirektorin, Gesch\u00e4ftsf\u00fchrerin Julia Leppin H\u00e4lt die F\u00e4den zusammen und sorgt daf\u00fcr, dass aus vielen Ideen ein gro\u00dfes Ganzes wird. Finanzen Anne K\u00f6ppe Beh\u00e4lt Budget, Zahlen und Vertr\u00e4ge im Blick und sorgt&hellip;","og_url":"https:\/\/mirko2026.de\/index.php\/team\/","og_site_name":"Mirko 2026 Leipzig","article_modified_time":"2026-01-13T14:41:45+00:00","og_image":[{"url":"https:\/\/mirko2026.de\/wp-content\/uploads\/2025\/09\/Julia-Leppin-scaled.jpg","type":"","width":"","height":""}],"twitter_card":"summary_large_image","twitter_misc":{"Gesch\u00e4tzte Lesezeit":"3\u00a0Minuten"},"schema":{"@context":"https:\/\/schema.org","@graph":[{"@type":"WebPage","@id":"https:\/\/mirko2026.de\/index.php\/team\/","url":"https:\/\/mirko2026.de\/index.php\/team\/","name":"Team - Mirko 2026 Leipzig","isPartOf":{"@id":"https:\/\/mirko2026.de\/#website"},"primaryImageOfPage":{"@id":"https:\/\/mirko2026.de\/index.php\/team\/#primaryimage"},"image":{"@id":"https:\/\/mirko2026.de\/index.php\/team\/#primaryimage"},"thumbnailUrl":"https:\/\/mirko2026.de\/wp-content\/uploads\/2025\/09\/Julia-Leppin-scaled.jpg","datePublished":"2025-09-16T11:45:20+00:00","dateModified":"2026-01-13T14:41:45+00:00","breadcrumb":{"@id":"https:\/\/mirko2026.de\/index.php\/team\/#breadcrumb"},"inLanguage":"de","potentialAction":[{"@type":"ReadAction","target":["https:\/\/mirko2026.de\/index.php\/team\/"]}]},{"@type":"ImageObject","inLanguage":"de","@id":"https:\/\/mirko2026.de\/index.php\/team\/#primaryimage","url":"https:\/\/mirko2026.de\/wp-content\/uploads\/2025\/09\/Julia-Leppin-scaled.jpg","contentUrl":"https:\/\/mirko2026.de\/wp-content\/uploads\/2025\/09\/Julia-Leppin-scaled.jpg","width":1707,"height":2560},{"@type":"BreadcrumbList","@id":"https:\/\/mirko2026.de\/index.php\/team\/#breadcrumb","itemListElement":[{"@type":"ListItem","position":1,"name":"Startseite","item":"https:\/\/mirko2026.de\/"},{"@type":"ListItem","position":2,"name":"Team"}]},{"@type":"WebSite","@id":"https:\/\/mirko2026.de\/#website","url":"https:\/\/mirko2026.de\/","name":"Mirko 2026 Leipzig","description":"Leipzig verbindet.","potentialAction":[{"@type":"SearchAction","target":{"@type":"EntryPoint","urlTemplate":"https:\/\/mirko2026.de\/?s={search_term_string}"},"query-input":{"@type":"PropertyValueSpecification","valueRequired":true,"valueName":"search_term_string"}}],"inLanguage":"de"}]}},"_links":{"self":[{"href":"https:\/\/mirko2026.de\/index.php\/wp-json\/wp\/v2\/pages\/358","targetHints":{"allow":["GET"]}}],"collection":[{"href":"https:\/\/mirko2026.de\/index.php\/wp-json\/wp\/v2\/pages"}],"about":[{"href":"https:\/\/mirko2026.de\/index.php\/wp-json\/wp\/v2\/types\/page"}],"author":[{"embeddable":true,"href":"https:\/\/mirko2026.de\/index.php\/wp-json\/wp\/v2\/users\/2"}],"replies":[{"embeddable":true,"href":"https:\/\/mirko2026.de\/index.php\/wp-json\/wp\/v2\/comments?post=358"}],"version-history":[{"count":9,"href":"https:\/\/mirko2026.de\/index.php\/wp-json\/wp\/v2\/pages\/358\/revisions"}],"predecessor-version":[{"id":456,"href":"https:\/\/mirko2026.de\/index.php\/wp-json\/wp\/v2\/pages\/358\/revisions\/456"}],"wp:attachment":[{"href":"https:\/\/mirko2026.de\/index.php\/wp-json\/wp\/v2\/media?parent=358"}],"curies":[{"name":"wp","href":"https:\/\/api.w.org\/{rel}","templated":true}]}}