{"id":458,"date":"2026-01-21T20:38:29","date_gmt":"2026-01-21T19:38:29","guid":{"rendered":"https:\/\/mirko2026.de\/?page_id=458"},"modified":"2026-02-02T14:27:02","modified_gmt":"2026-02-02T13:27:02","slug":"kinder-mirko","status":"publish","type":"page","link":"https:\/\/mirko2026.de\/index.php\/kinder-mirko\/","title":{"rendered":"Kinder-MiRKo"},"content":{"rendered":"\n<h1>\n\t\t\tKinder-MiRKo Leipzig vom 12.-14.06.2026\t<\/h1>\n<h4>\n\t\t\tf\u00fcr Kinder im Alter von 5 bis 14 Jahren\t<\/h4>\n\t<p>W\u00e4hrend Eltern sich weiterbilden, austauschen und Leipzig erleben, d\u00fcrfen eure Kinder das auch! Und das voll betreut \u00fcber das gesamte Konferenzwochenende!<\/p>\n\t\t\t<a href=\"https:\/\/event-online.org\/mirko2026\/?module=shop\" target=\"_blank\" rel=\"noopener\">\n\t\t\t\t\t\t\t120,00\u20ac &#8211; jetzt Ticket sichern!\n\t\t\t\t\t<\/a>\n\t\t\t\t<img decoding=\"async\" src=\"https:\/\/mirko2026.de\/wp-content\/uploads\/2026\/01\/Kinder-MiRKo.jpg\" alt=\"Kinder-MiRKo\" itemprop=\"image\" height=\"800\" width=\"800\" title=\"Kinder-MiRKo\" onerror=\"this.style.display='none'\" loading=\"lazy\" \/>\n\t\t\t\t<img decoding=\"async\" src=\"https:\/\/mirko2026.de\/wp-content\/uploads\/2026\/01\/Wiesenknopf.png\" alt=\"Wiesenknopf\" itemprop=\"image\" height=\"856\" width=\"1142\" title=\"Wiesenknopf\" onerror=\"this.style.display='none'\" loading=\"lazy\" \/>\n<h2>\n\t\t\tWas w\u00e4re, wenn eure Kinder das ganze Wochenende nur einen Katzensprung entfernt ein tolles Programm voller Aktivit\u00e4ten erleben k\u00f6nnten?\t<\/h2>\n\t<p>In der Jacobstra\u00dfe, nur 5 min zu Fu\u00df von der IHK und damit von unserer Konferenzzentrale entfernt &#8211; mitten im Zentrum von Leipzig &#8211; werden eure Kinder das ganze Wochenende \u00fcber betreut. Es ist Platz f\u00fcr 14 Kinder vorgesehen. Das Programm wird derzeit noch erstellt. Organisatorische Eckpunkte stehen aber schon fest.<\/p>\n<h2>\n\t\t\tRahmen\t<\/h2>\n\t<p>Freitag, 12.06. 15:00 Uhr.<\/p>\n\t<p>Eure Kinder werden rund um die Uhr von zwei Betreuungspersonen betreut, die auch in der Jacobstra\u00dfe mit \u00fcbernachten werden.<\/p>\n\t<p>Am Freitag erwartet eure Kinder ein Nachmittags-Snack und Abendbrot (inkl. Getr\u00e4nke). Samstag gibt es Vollverpflegung. Am Sonntag k\u00f6nnen eure Kinder noch in Ruhe fr\u00fchst\u00fccken, bevor ihr sie wieder abholt. Vor der Konferenz werden Unvertr\u00e4glichkeiten abgefragt.<\/p>\n\t<p>Es wird ein auf verschiedene Altersgruppen abgestimmtes Programm geben. Die Kinder machen Ausfl\u00fcge in Leipzig und werden kreativ in der Einrichtung.<\/p>\n<p>Das konkrete Programm befindet sich aktuell noch in der Planung und wird im Februar hier ver\u00f6ffentlicht. Kurzfristige Anpassungen je nach angemeldeten Altersgruppen sind m\u00f6glich.<\/p>\n\t<p>Die j\u00fcngeren Kinder \u00fcbernachten in kleinen Betten, die \u00e4lteren Kinder \u00fcbernachten im Matratzenlager. Handt\u00fccher, Waschlappen, Decken sind vorhanden und m\u00fcssen nicht mitgebracht werden.<\/p>\n<p>Wir empfehlen euch ausdr\u00fccklich, Schlafs\u00e4cke mitzugeben. Das erh\u00f6ht das Abenteuerfeeling enorm! Das Lieblingskuscheltier sollte auch nicht fehlen \ud83d\ude09<\/p>\n\t<p>Die Kinder k\u00f6nnen bis Sonntag, 14.06., 10:00 Uhr abgeholt werden.<\/p>\n\n","protected":false},"excerpt":{"rendered":"<p>Kinder-MiRKo Leipzig vom 12.-14.06.2026 f\u00fcr Kinder im Alter von 5 bis 14 Jahren W\u00e4hrend Eltern sich weiterbilden, austauschen und Leipzig erleben, d\u00fcrfen eure Kinder das auch! Und das voll betreut \u00fcber das gesamte Konferenzwochenende! 120,00\u20ac &#8211; jetzt Ticket sichern! Was w\u00e4re, wenn eure Kinder das ganze Wochenende nur einen Katzensprung entfernt ein tolles Programm voller&hellip;<\/p>\n","protected":false},"author":2,"featured_media":0,"parent":0,"menu_order":0,"comment_status":"closed","ping_status":"closed","template":"","meta":{"footnotes":""},"class_list":["post-458","page","type-page","status-publish","hentry"],"yoast_head":"<!-- This site is optimized with the Yoast SEO plugin v27.2 - https:\/\/yoast.com\/product\/yoast-seo-wordpress\/ -->\n<title>Kinder-MiRKo - Mirko 2026 Leipzig<\/title>\n<meta name=\"robots\" content=\"index, follow, max-snippet:-1, max-image-preview:large, max-video-preview:-1\" \/>\n<link rel=\"canonical\" href=\"https:\/\/mirko2026.de\/index.php\/kinder-mirko\/\" \/>\n<meta property=\"og:locale\" content=\"de_DE\" \/>\n<meta property=\"og:type\" content=\"article\" \/>\n<meta property=\"og:title\" content=\"Kinder-MiRKo - Mirko 2026 Leipzig\" \/>\n<meta property=\"og:description\" content=\"Kinder-MiRKo Leipzig vom 12.-14.06.2026 f\u00fcr Kinder im Alter von 5 bis 14 Jahren W\u00e4hrend Eltern sich weiterbilden, austauschen und Leipzig erleben, d\u00fcrfen eure Kinder das auch! Und das voll betreut \u00fcber das gesamte Konferenzwochenende! 120,00\u20ac &#8211; jetzt Ticket sichern! Was w\u00e4re, wenn eure Kinder das ganze Wochenende nur einen Katzensprung entfernt ein tolles Programm voller&hellip;\" \/>\n<meta property=\"og:url\" content=\"https:\/\/mirko2026.de\/index.php\/kinder-mirko\/\" \/>\n<meta property=\"og:site_name\" content=\"Mirko 2026 Leipzig\" \/>\n<meta property=\"article:modified_time\" content=\"2026-02-02T13:27:02+00:00\" \/>\n<meta property=\"og:image\" content=\"https:\/\/mirko2026.de\/wp-content\/uploads\/2026\/01\/Kinder-MiRKo.jpg\" \/>\n<meta name=\"twitter:card\" content=\"summary_large_image\" \/>\n<script type=\"application\/ld+json\" class=\"yoast-schema-graph\">{\"@context\":\"https:\/\/schema.org\",\"@graph\":[{\"@type\":\"WebPage\",\"@id\":\"https:\/\/mirko2026.de\/index.php\/kinder-mirko\/\",\"url\":\"https:\/\/mirko2026.de\/index.php\/kinder-mirko\/\",\"name\":\"Kinder-MiRKo - Mirko 2026 Leipzig\",\"isPartOf\":{\"@id\":\"https:\/\/mirko2026.de\/#website\"},\"primaryImageOfPage\":{\"@id\":\"https:\/\/mirko2026.de\/index.php\/kinder-mirko\/#primaryimage\"},\"image\":{\"@id\":\"https:\/\/mirko2026.de\/index.php\/kinder-mirko\/#primaryimage\"},\"thumbnailUrl\":\"https:\/\/mirko2026.de\/wp-content\/uploads\/2026\/01\/Kinder-MiRKo.jpg\",\"datePublished\":\"2026-01-21T19:38:29+00:00\",\"dateModified\":\"2026-02-02T13:27:02+00:00\",\"breadcrumb\":{\"@id\":\"https:\/\/mirko2026.de\/index.php\/kinder-mirko\/#breadcrumb\"},\"inLanguage\":\"de\",\"potentialAction\":[{\"@type\":\"ReadAction\",\"target\":[\"https:\/\/mirko2026.de\/index.php\/kinder-mirko\/\"]}]},{\"@type\":\"ImageObject\",\"inLanguage\":\"de\",\"@id\":\"https:\/\/mirko2026.de\/index.php\/kinder-mirko\/#primaryimage\",\"url\":\"https:\/\/mirko2026.de\/wp-content\/uploads\/2026\/01\/Kinder-MiRKo.jpg\",\"contentUrl\":\"https:\/\/mirko2026.de\/wp-content\/uploads\/2026\/01\/Kinder-MiRKo.jpg\",\"width\":800,\"height\":800},{\"@type\":\"BreadcrumbList\",\"@id\":\"https:\/\/mirko2026.de\/index.php\/kinder-mirko\/#breadcrumb\",\"itemListElement\":[{\"@type\":\"ListItem\",\"position\":1,\"name\":\"Startseite\",\"item\":\"https:\/\/mirko2026.de\/\"},{\"@type\":\"ListItem\",\"position\":2,\"name\":\"Kinder-MiRKo\"}]},{\"@type\":\"WebSite\",\"@id\":\"https:\/\/mirko2026.de\/#website\",\"url\":\"https:\/\/mirko2026.de\/\",\"name\":\"Mirko 2026 Leipzig\",\"description\":\"Leipzig verbindet.\",\"potentialAction\":[{\"@type\":\"SearchAction\",\"target\":{\"@type\":\"EntryPoint\",\"urlTemplate\":\"https:\/\/mirko2026.de\/?s={search_term_string}\"},\"query-input\":{\"@type\":\"PropertyValueSpecification\",\"valueRequired\":true,\"valueName\":\"search_term_string\"}}],\"inLanguage\":\"de\"}]}<\/script>\n<!-- \/ Yoast SEO plugin. -->","yoast_head_json":{"title":"Kinder-MiRKo - Mirko 2026 Leipzig","robots":{"index":"index","follow":"follow","max-snippet":"max-snippet:-1","max-image-preview":"max-image-preview:large","max-video-preview":"max-video-preview:-1"},"canonical":"https:\/\/mirko2026.de\/index.php\/kinder-mirko\/","og_locale":"de_DE","og_type":"article","og_title":"Kinder-MiRKo - Mirko 2026 Leipzig","og_description":"Kinder-MiRKo Leipzig vom 12.-14.06.2026 f\u00fcr Kinder im Alter von 5 bis 14 Jahren W\u00e4hrend Eltern sich weiterbilden, austauschen und Leipzig erleben, d\u00fcrfen eure Kinder das auch! Und das voll betreut \u00fcber das gesamte Konferenzwochenende! 120,00\u20ac &#8211; jetzt Ticket sichern! Was w\u00e4re, wenn eure Kinder das ganze Wochenende nur einen Katzensprung entfernt ein tolles Programm voller&hellip;","og_url":"https:\/\/mirko2026.de\/index.php\/kinder-mirko\/","og_site_name":"Mirko 2026 Leipzig","article_modified_time":"2026-02-02T13:27:02+00:00","og_image":[{"url":"https:\/\/mirko2026.de\/wp-content\/uploads\/2026\/01\/Kinder-MiRKo.jpg","type":"","width":"","height":""}],"twitter_card":"summary_large_image","schema":{"@context":"https:\/\/schema.org","@graph":[{"@type":"WebPage","@id":"https:\/\/mirko2026.de\/index.php\/kinder-mirko\/","url":"https:\/\/mirko2026.de\/index.php\/kinder-mirko\/","name":"Kinder-MiRKo - Mirko 2026 Leipzig","isPartOf":{"@id":"https:\/\/mirko2026.de\/#website"},"primaryImageOfPage":{"@id":"https:\/\/mirko2026.de\/index.php\/kinder-mirko\/#primaryimage"},"image":{"@id":"https:\/\/mirko2026.de\/index.php\/kinder-mirko\/#primaryimage"},"thumbnailUrl":"https:\/\/mirko2026.de\/wp-content\/uploads\/2026\/01\/Kinder-MiRKo.jpg","datePublished":"2026-01-21T19:38:29+00:00","dateModified":"2026-02-02T13:27:02+00:00","breadcrumb":{"@id":"https:\/\/mirko2026.de\/index.php\/kinder-mirko\/#breadcrumb"},"inLanguage":"de","potentialAction":[{"@type":"ReadAction","target":["https:\/\/mirko2026.de\/index.php\/kinder-mirko\/"]}]},{"@type":"ImageObject","inLanguage":"de","@id":"https:\/\/mirko2026.de\/index.php\/kinder-mirko\/#primaryimage","url":"https:\/\/mirko2026.de\/wp-content\/uploads\/2026\/01\/Kinder-MiRKo.jpg","contentUrl":"https:\/\/mirko2026.de\/wp-content\/uploads\/2026\/01\/Kinder-MiRKo.jpg","width":800,"height":800},{"@type":"BreadcrumbList","@id":"https:\/\/mirko2026.de\/index.php\/kinder-mirko\/#breadcrumb","itemListElement":[{"@type":"ListItem","position":1,"name":"Startseite","item":"https:\/\/mirko2026.de\/"},{"@type":"ListItem","position":2,"name":"Kinder-MiRKo"}]},{"@type":"WebSite","@id":"https:\/\/mirko2026.de\/#website","url":"https:\/\/mirko2026.de\/","name":"Mirko 2026 Leipzig","description":"Leipzig verbindet.","potentialAction":[{"@type":"SearchAction","target":{"@type":"EntryPoint","urlTemplate":"https:\/\/mirko2026.de\/?s={search_term_string}"},"query-input":{"@type":"PropertyValueSpecification","valueRequired":true,"valueName":"search_term_string"}}],"inLanguage":"de"}]}},"_links":{"self":[{"href":"https:\/\/mirko2026.de\/index.php\/wp-json\/wp\/v2\/pages\/458","targetHints":{"allow":["GET"]}}],"collection":[{"href":"https:\/\/mirko2026.de\/index.php\/wp-json\/wp\/v2\/pages"}],"about":[{"href":"https:\/\/mirko2026.de\/index.php\/wp-json\/wp\/v2\/types\/page"}],"author":[{"embeddable":true,"href":"https:\/\/mirko2026.de\/index.php\/wp-json\/wp\/v2\/users\/2"}],"replies":[{"embeddable":true,"href":"https:\/\/mirko2026.de\/index.php\/wp-json\/wp\/v2\/comments?post=458"}],"version-history":[{"count":8,"href":"https:\/\/mirko2026.de\/index.php\/wp-json\/wp\/v2\/pages\/458\/revisions"}],"predecessor-version":[{"id":481,"href":"https:\/\/mirko2026.de\/index.php\/wp-json\/wp\/v2\/pages\/458\/revisions\/481"}],"wp:attachment":[{"href":"https:\/\/mirko2026.de\/index.php\/wp-json\/wp\/v2\/media?parent=458"}],"curies":[{"name":"wp","href":"https:\/\/api.w.org\/{rel}","templated":true}]}}